{"id":2422,"date":"2020-06-25T09:32:30","date_gmt":"2020-06-25T09:32:30","guid":{"rendered":"https:\/\/www.elettralanguages.eu\/what-we-do\/"},"modified":"2021-04-16T10:58:50","modified_gmt":"2021-04-16T10:58:50","slug":"services","status":"publish","type":"page","link":"https:\/\/www.elettralanguages.eu\/fr\/services\/","title":{"rendered":"Services"},"content":{"rendered":"<h2 style=\"text-align: center;\">Rigueur, respect des d\u00e9lais, confidentialit\u00e9, fiabilit\u00e9 et satisfaction client sont nos ma\u00eetres mots<\/h2>\n<p>\t\t\t\t\t\t\t\t<!-- feature-style-four --><\/p>\n<section>\n<h3>Traduction &#038; r\u00e9vision de documents juridiques et financiers\u00a0:<\/h3>\n<p>contrats, proc\u00e8s-verbaux d\u2019AG, \u00e9tats financiers, documentation de fonds d\u2019investissement (DICI, commentaires p\u00e9riodiques, etc.) ainsi que la communication institutionnelle des entreprises (communiqu\u00e9s de presse, brochure, catalogues), etc.<\/p>\n<h3>Traduction asserment\u00e9e\u00a0:<\/h3>\n<p>nous travaillons avec des linguistes asserment\u00e9s en France et en Espagne et appliquons un processus en deux \u00e9tapes, qui garantit la pr\u00e9cision de nos traductions asserment\u00e9es\u00a0: un linguiste traduit votre document puis celui-ci est r\u00e9vis\u00e9 par le traducteur responsable de l\u2019assermentation<\/p>\n<h3>Transcr\u00e9ation et traduction cr\u00e9ative\u00a0:<\/h3>\n<p>vos slogans et votre communication m\u00e9ritent mieux qu\u2019une simple traduction litt\u00e9rale. Avec la transcr\u00e9ation, nous adaptons le message que vous souhaitez transmettre \u00e0 votre cible dans les pays de destination. Pour cela, nous discutons ensemble afin de comprendre les tenants de votre message et nous vous proposons plusieurs choix, accompagn\u00e9s d\u2019une r\u00e9trotraduction dans votre langue et d\u2019un texte pour expliquer les choix de nos linguistes<\/p>\n<h3>Copywriting\/R\u00e9daction publicitaire et cr\u00e9ation de contenus\u00a0:<\/h3>\n<p>vous avez beaucoup de choses \u00e0 dire, mais pas assez de temps pour l\u2019\u00e9crire ou bien vous doutez de vos capacit\u00e9s r\u00e9dactionnelles. Faites appel aux n\u00f4tres\u00a0! Apr\u00e8s avoir abord\u00e9 avec vous le ton de votre message, ses objectifs, et les \u00e9l\u00e9ments que vous souhaitez transmettre, nous le r\u00e9digeons pour vous et l\u2019adaptons \u00e0 vos pr\u00e9f\u00e9rences. Une fois valid\u00e9, nous pouvons bien s\u00fbr le traduire pour en \u00e9largir encore la port\u00e9e.<\/p>\n<\/section>\n<p>\t\t\t<!-- feature-style-four --><\/p>\n<h2 style=\"text-align: center;\">Nos langues de travail sont l\u2019anglais, l\u2019espagnol et le fran\u00e7ais<\/h2>\n<h2 style=\"text-align: center; font-weight: normal; font-size: 32px;\">Selon vos besoins, nous collaborons \u00e9galement avec un r\u00e9seau de professionnels pour diff\u00e9rentes langues europ\u00e9ennes. Discutons-en\u00a0!<\/h2>\n<p>\t\t\t<a href=\"https:\/\/www.elettralanguages.eu\/fr\/contact\/\" role=\"button\"><br \/>\n\t\t\t\t\t\t\u00c9crivez-nous si vous souhaitez en savoir plus<br \/>\n\t\t\t\t\t<\/a><\/p>\n<h2 style=\"text-align: center;\">Voici quelques-uns de nos clients<\/h2>\n<section>\n<figure><img decoding=\"async\" src=\"https:\/\/www.elettralanguages.eu\/wp-content\/uploads\/2021\/03\/Porsche-logo-1.png\" title=\"Porsche-logo\" alt=\"Porsche-logo\" \/><\/figure>\n<figure><img decoding=\"async\" src=\"https:\/\/www.elettralanguages.eu\/wp-content\/uploads\/2021\/03\/seafood_from_norway-1.png\" title=\"seafood_from_norway\" alt=\"seafood_from_norway\" \/><\/figure>\n<figure><img decoding=\"async\" src=\"https:\/\/www.elettralanguages.eu\/wp-content\/uploads\/2021\/03\/probance-1.png\" title=\"probance\" alt=\"probance\" \/><\/figure>\n<figure><img decoding=\"async\" src=\"https:\/\/www.elettralanguages.eu\/wp-content\/uploads\/2021\/03\/sage-group-logo-vector-1.png\" title=\"sage-group-logo-vector\" alt=\"sage-group-logo-vector\" \/><\/figure>\n<figure><img decoding=\"async\" src=\"https:\/\/www.elettralanguages.eu\/wp-content\/uploads\/2021\/03\/SGPB-1.jpg\" title=\"SGPB\" alt=\"SGPB\" \/><\/figure>\n<figure><img decoding=\"async\" src=\"https:\/\/www.elettralanguages.eu\/wp-content\/uploads\/2021\/03\/2_titre-accueil-1.gif\" title=\"2_titre-accueil\" alt=\"2_titre-accueil\" \/><\/figure>\n<figure><img decoding=\"async\" src=\"https:\/\/www.elettralanguages.eu\/wp-content\/uploads\/2021\/03\/suez-logo-1.gif\" title=\"suez-logo\" alt=\"suez-logo\" \/><\/figure>\n<figure><img decoding=\"async\" src=\"https:\/\/www.elettralanguages.eu\/wp-content\/uploads\/2021\/03\/1519856174357-1.png\" title=\"1519856174357\" alt=\"1519856174357\" \/><\/figure>\n<figure><img decoding=\"async\" src=\"https:\/\/www.elettralanguages.eu\/wp-content\/uploads\/2021\/03\/65212949_2535841629784082_4477909014201499648_n-1.jpg\" title=\"65212949_2535841629784082_4477909014201499648_n\" alt=\"65212949_2535841629784082_4477909014201499648_n\" \/><\/figure>\n<figure><img decoding=\"async\" src=\"https:\/\/www.elettralanguages.eu\/wp-content\/uploads\/2021\/03\/Afreximbank-logo-vertical-without-background-1.png\" title=\"Afreximbank-logo-vertical-without-background\" alt=\"Afreximbank-logo-vertical-without-background\" \/><\/figure>\n<figure><img decoding=\"async\" src=\"https:\/\/www.elettralanguages.eu\/wp-content\/uploads\/2021\/03\/a9a81-oecd-historiasi-1.jpg\" title=\"a9a81-oecd-historiasi\" alt=\"a9a81-oecd-historiasi\" \/><\/figure>\n<figure><img decoding=\"async\" src=\"https:\/\/www.elettralanguages.eu\/wp-content\/uploads\/2021\/03\/AritcoLogo-1.jpg\" title=\"AritcoLogo\" alt=\"AritcoLogo\" \/><\/figure>\n<figure><img decoding=\"async\" src=\"https:\/\/www.elettralanguages.eu\/wp-content\/uploads\/2021\/03\/akzonobel-1.png\" title=\"akzonobel\" alt=\"akzonobel\" \/><\/figure>\n<figure><img decoding=\"async\" src=\"https:\/\/www.elettralanguages.eu\/wp-content\/uploads\/2021\/03\/AS-Avocat-Montpellier-1.png\" title=\"AS-Avocat-Montpellier\" alt=\"AS-Avocat-Montpellier\" \/><\/figure>\n<figure><img decoding=\"async\" src=\"https:\/\/www.elettralanguages.eu\/wp-content\/uploads\/2021\/03\/AXA-IM-1.jpg\" title=\"AXA IM\" alt=\"AXA IM\" \/><\/figure>\n<figure><img decoding=\"async\" src=\"https:\/\/www.elettralanguages.eu\/wp-content\/uploads\/2021\/03\/charbroil-1.png\" title=\"charbroil\" alt=\"charbroil\" \/><\/figure>\n<figure><img decoding=\"async\" src=\"https:\/\/www.elettralanguages.eu\/wp-content\/uploads\/2021\/03\/deloitte-1.jpg\" title=\"deloitte\" alt=\"deloitte\" \/><\/figure>\n<figure><img decoding=\"async\" src=\"https:\/\/www.elettralanguages.eu\/wp-content\/uploads\/2021\/03\/flix-mobility-1.png\" title=\"flix mobility\" alt=\"flix mobility\" \/><\/figure>\n<figure><img decoding=\"async\" src=\"https:\/\/www.elettralanguages.eu\/wp-content\/uploads\/2021\/03\/foss-logo-1.png\" title=\"foss-logo\" alt=\"foss-logo\" \/><\/figure>\n<figure><img decoding=\"async\" src=\"https:\/\/www.elettralanguages.eu\/wp-content\/uploads\/2021\/03\/GLEvents-1.png\" title=\"GLEvents\" alt=\"GLEvents\" \/><\/figure>\n<figure><img decoding=\"async\" src=\"https:\/\/www.elettralanguages.eu\/wp-content\/uploads\/2021\/03\/gse-logo-1.png\" title=\"gse-logo\" alt=\"gse-logo\" \/><\/figure>\n<figure><img decoding=\"async\" src=\"https:\/\/www.elettralanguages.eu\/wp-content\/uploads\/2021\/03\/ImageDetail_20981f81-4886-45ce-931f-20e7bb8005d5_Large-1.jpg\" title=\"ImageDetail_20981f81-4886-45ce-931f-20e7bb8005d5_Large\" alt=\"ImageDetail_20981f81-4886-45ce-931f-20e7bb8005d5_Large\" \/><\/figure>\n<figure><img decoding=\"async\" src=\"https:\/\/www.elettralanguages.eu\/wp-content\/uploads\/2021\/03\/Kaliti-1.png\" title=\"Kaliti\" alt=\"Kaliti\" \/><\/figure>\n<figure><img decoding=\"async\" src=\"https:\/\/www.elettralanguages.eu\/wp-content\/uploads\/2021\/03\/Logo300-1.png\" title=\"Logo300\" alt=\"Logo300\" \/><\/figure>\n<figure><img decoding=\"async\" src=\"https:\/\/www.elettralanguages.eu\/wp-content\/uploads\/2021\/03\/National_Gallery_logo-1.png\" title=\"National_Gallery_logo\" alt=\"National_Gallery_logo\" \/><\/figure>\n<figure><img decoding=\"async\" src=\"https:\/\/www.elettralanguages.eu\/wp-content\/uploads\/2021\/03\/Logos-Florette-Nuevo-1.jpg\" title=\"Logos-Florette-Nuevo\" alt=\"Logos-Florette-Nuevo\" \/><\/figure>\n<figure><img decoding=\"async\" src=\"https:\/\/www.elettralanguages.eu\/wp-content\/uploads\/2021\/03\/logo-fr-1.png\" title=\"logo-fr\" alt=\"logo-fr\" \/><\/figure>\n<figure><img decoding=\"async\" src=\"https:\/\/www.elettralanguages.eu\/wp-content\/uploads\/2021\/03\/logo-ascalone-avocats-1.png\" title=\"logo-ascalone-avocats\" alt=\"logo-ascalone-avocats\" \/><\/figure>\n<figure><img decoding=\"async\" src=\"https:\/\/www.elettralanguages.eu\/wp-content\/uploads\/2021\/03\/pictet_logo-1.png\" title=\"pictet_logo\" alt=\"pictet_logo\" \/><\/figure>\n<\/section>\n<p>\t\t\t<!-- clients-section end --><\/p>\n","protected":false},"excerpt":{"rendered":"<p>Rigueur, respect des d\u00e9lais, confidentialit\u00e9, fiabilit\u00e9 et satisfaction client sont nos ma\u00eetres mots Traduction &#038; r\u00e9vision de documents juridiques et <span>&#8230;<\/span><\/p>\n","protected":false},"author":1,"featured_media":0,"parent":0,"menu_order":0,"comment_status":"closed","ping_status":"closed","template":"elementor_header_footer","meta":{"footnotes":""},"class_list":["post-2422","page","type-page","status-publish","hentry"],"yoast_head":"<!-- This site is optimized with the Yoast SEO plugin v27.5 - https:\/\/yoast.com\/product\/yoast-seo-wordpress\/ -->\n<title>Services - Elettralanguages<\/title>\n<meta name=\"robots\" content=\"index, follow, max-snippet:-1, max-image-preview:large, max-video-preview:-1\" \/>\n<link rel=\"canonical\" href=\"https:\/\/www.elettralanguages.eu\/fr\/services\/\" \/>\n<meta property=\"og:locale\" content=\"fr_FR\" \/>\n<meta property=\"og:type\" content=\"article\" \/>\n<meta property=\"og:title\" content=\"Services - Elettralanguages\" \/>\n<meta property=\"og:description\" content=\"Rigueur, respect des d\u00e9lais, confidentialit\u00e9, fiabilit\u00e9 et satisfaction client sont nos ma\u00eetres mots Traduction &#038; r\u00e9vision de documents juridiques et ...\" \/>\n<meta property=\"og:url\" content=\"https:\/\/www.elettralanguages.eu\/fr\/services\/\" \/>\n<meta property=\"og:site_name\" content=\"Elettralanguages\" \/>\n<meta property=\"article:modified_time\" content=\"2021-04-16T10:58:50+00:00\" \/>\n<meta property=\"og:image\" content=\"https:\/\/www.elettralanguages.eu\/wp-content\/uploads\/2021\/03\/Porsche-logo-1.png\" \/>\n<meta name=\"twitter:card\" content=\"summary_large_image\" \/>\n<meta name=\"twitter:label1\" content=\"Dur\u00e9e de lecture estim\u00e9e\" \/>\n\t<meta name=\"twitter:data1\" content=\"13 minutes\" \/>\n<script type=\"application\/ld+json\" class=\"yoast-schema-graph\">{\"@context\":\"https:\\\/\\\/schema.org\",\"@graph\":[{\"@type\":\"WebPage\",\"@id\":\"https:\\\/\\\/www.elettralanguages.eu\\\/fr\\\/services\\\/\",\"url\":\"https:\\\/\\\/www.elettralanguages.eu\\\/fr\\\/services\\\/\",\"name\":\"Services - Elettralanguages\",\"isPartOf\":{\"@id\":\"https:\\\/\\\/www.elettralanguages.eu\\\/#website\"},\"primaryImageOfPage\":{\"@id\":\"https:\\\/\\\/www.elettralanguages.eu\\\/fr\\\/services\\\/#primaryimage\"},\"image\":{\"@id\":\"https:\\\/\\\/www.elettralanguages.eu\\\/fr\\\/services\\\/#primaryimage\"},\"thumbnailUrl\":\"https:\\\/\\\/www.elettralanguages.eu\\\/wp-content\\\/uploads\\\/2021\\\/03\\\/Porsche-logo-1.png\",\"datePublished\":\"2020-06-25T09:32:30+00:00\",\"dateModified\":\"2021-04-16T10:58:50+00:00\",\"breadcrumb\":{\"@id\":\"https:\\\/\\\/www.elettralanguages.eu\\\/fr\\\/services\\\/#breadcrumb\"},\"inLanguage\":\"fr-FR\",\"potentialAction\":[{\"@type\":\"ReadAction\",\"target\":[\"https:\\\/\\\/www.elettralanguages.eu\\\/fr\\\/services\\\/\"]}]},{\"@type\":\"ImageObject\",\"inLanguage\":\"fr-FR\",\"@id\":\"https:\\\/\\\/www.elettralanguages.eu\\\/fr\\\/services\\\/#primaryimage\",\"url\":\"https:\\\/\\\/www.elettralanguages.eu\\\/wp-content\\\/uploads\\\/2021\\\/03\\\/Porsche-logo-1.png\",\"contentUrl\":\"https:\\\/\\\/www.elettralanguages.eu\\\/wp-content\\\/uploads\\\/2021\\\/03\\\/Porsche-logo-1.png\"},{\"@type\":\"BreadcrumbList\",\"@id\":\"https:\\\/\\\/www.elettralanguages.eu\\\/fr\\\/services\\\/#breadcrumb\",\"itemListElement\":[{\"@type\":\"ListItem\",\"position\":1,\"name\":\"Home\",\"item\":\"https:\\\/\\\/www.elettralanguages.eu\\\/fr\\\/\"},{\"@type\":\"ListItem\",\"position\":2,\"name\":\"Services\"}]},{\"@type\":\"WebSite\",\"@id\":\"https:\\\/\\\/www.elettralanguages.eu\\\/#website\",\"url\":\"https:\\\/\\\/www.elettralanguages.eu\\\/\",\"name\":\"Elettralanguages\",\"description\":\"\",\"publisher\":{\"@id\":\"https:\\\/\\\/www.elettralanguages.eu\\\/#organization\"},\"potentialAction\":[{\"@type\":\"SearchAction\",\"target\":{\"@type\":\"EntryPoint\",\"urlTemplate\":\"https:\\\/\\\/www.elettralanguages.eu\\\/?s={search_term_string}\"},\"query-input\":{\"@type\":\"PropertyValueSpecification\",\"valueRequired\":true,\"valueName\":\"search_term_string\"}}],\"inLanguage\":\"fr-FR\"},{\"@type\":\"Organization\",\"@id\":\"https:\\\/\\\/www.elettralanguages.eu\\\/#organization\",\"name\":\"Elettralanguages\",\"url\":\"https:\\\/\\\/www.elettralanguages.eu\\\/\",\"logo\":{\"@type\":\"ImageObject\",\"inLanguage\":\"fr-FR\",\"@id\":\"https:\\\/\\\/www.elettralanguages.eu\\\/#\\\/schema\\\/logo\\\/image\\\/\",\"url\":\"https:\\\/\\\/www.elettralanguages.eu\\\/wp-content\\\/uploads\\\/2021\\\/03\\\/logo_ELLETRA_FINAL-e1616672166268-1.png\",\"contentUrl\":\"https:\\\/\\\/www.elettralanguages.eu\\\/wp-content\\\/uploads\\\/2021\\\/03\\\/logo_ELLETRA_FINAL-e1616672166268-1.png\",\"width\":366,\"height\":75,\"caption\":\"Elettralanguages\"},\"image\":{\"@id\":\"https:\\\/\\\/www.elettralanguages.eu\\\/#\\\/schema\\\/logo\\\/image\\\/\"}}]}<\/script>\n<!-- \/ Yoast SEO plugin. -->","yoast_head_json":{"title":"Services - Elettralanguages","robots":{"index":"index","follow":"follow","max-snippet":"max-snippet:-1","max-image-preview":"max-image-preview:large","max-video-preview":"max-video-preview:-1"},"canonical":"https:\/\/www.elettralanguages.eu\/fr\/services\/","og_locale":"fr_FR","og_type":"article","og_title":"Services - Elettralanguages","og_description":"Rigueur, respect des d\u00e9lais, confidentialit\u00e9, fiabilit\u00e9 et satisfaction client sont nos ma\u00eetres mots Traduction &#038; r\u00e9vision de documents juridiques et ...","og_url":"https:\/\/www.elettralanguages.eu\/fr\/services\/","og_site_name":"Elettralanguages","article_modified_time":"2021-04-16T10:58:50+00:00","og_image":[{"url":"https:\/\/www.elettralanguages.eu\/wp-content\/uploads\/2021\/03\/Porsche-logo-1.png","type":"","width":"","height":""}],"twitter_card":"summary_large_image","twitter_misc":{"Dur\u00e9e de lecture estim\u00e9e":"13 minutes"},"schema":{"@context":"https:\/\/schema.org","@graph":[{"@type":"WebPage","@id":"https:\/\/www.elettralanguages.eu\/fr\/services\/","url":"https:\/\/www.elettralanguages.eu\/fr\/services\/","name":"Services - Elettralanguages","isPartOf":{"@id":"https:\/\/www.elettralanguages.eu\/#website"},"primaryImageOfPage":{"@id":"https:\/\/www.elettralanguages.eu\/fr\/services\/#primaryimage"},"image":{"@id":"https:\/\/www.elettralanguages.eu\/fr\/services\/#primaryimage"},"thumbnailUrl":"https:\/\/www.elettralanguages.eu\/wp-content\/uploads\/2021\/03\/Porsche-logo-1.png","datePublished":"2020-06-25T09:32:30+00:00","dateModified":"2021-04-16T10:58:50+00:00","breadcrumb":{"@id":"https:\/\/www.elettralanguages.eu\/fr\/services\/#breadcrumb"},"inLanguage":"fr-FR","potentialAction":[{"@type":"ReadAction","target":["https:\/\/www.elettralanguages.eu\/fr\/services\/"]}]},{"@type":"ImageObject","inLanguage":"fr-FR","@id":"https:\/\/www.elettralanguages.eu\/fr\/services\/#primaryimage","url":"https:\/\/www.elettralanguages.eu\/wp-content\/uploads\/2021\/03\/Porsche-logo-1.png","contentUrl":"https:\/\/www.elettralanguages.eu\/wp-content\/uploads\/2021\/03\/Porsche-logo-1.png"},{"@type":"BreadcrumbList","@id":"https:\/\/www.elettralanguages.eu\/fr\/services\/#breadcrumb","itemListElement":[{"@type":"ListItem","position":1,"name":"Home","item":"https:\/\/www.elettralanguages.eu\/fr\/"},{"@type":"ListItem","position":2,"name":"Services"}]},{"@type":"WebSite","@id":"https:\/\/www.elettralanguages.eu\/#website","url":"https:\/\/www.elettralanguages.eu\/","name":"Elettralanguages","description":"","publisher":{"@id":"https:\/\/www.elettralanguages.eu\/#organization"},"potentialAction":[{"@type":"SearchAction","target":{"@type":"EntryPoint","urlTemplate":"https:\/\/www.elettralanguages.eu\/?s={search_term_string}"},"query-input":{"@type":"PropertyValueSpecification","valueRequired":true,"valueName":"search_term_string"}}],"inLanguage":"fr-FR"},{"@type":"Organization","@id":"https:\/\/www.elettralanguages.eu\/#organization","name":"Elettralanguages","url":"https:\/\/www.elettralanguages.eu\/","logo":{"@type":"ImageObject","inLanguage":"fr-FR","@id":"https:\/\/www.elettralanguages.eu\/#\/schema\/logo\/image\/","url":"https:\/\/www.elettralanguages.eu\/wp-content\/uploads\/2021\/03\/logo_ELLETRA_FINAL-e1616672166268-1.png","contentUrl":"https:\/\/www.elettralanguages.eu\/wp-content\/uploads\/2021\/03\/logo_ELLETRA_FINAL-e1616672166268-1.png","width":366,"height":75,"caption":"Elettralanguages"},"image":{"@id":"https:\/\/www.elettralanguages.eu\/#\/schema\/logo\/image\/"}}]}},"_links":{"self":[{"href":"https:\/\/www.elettralanguages.eu\/fr\/wp-json\/wp\/v2\/pages\/2422","targetHints":{"allow":["GET"]}}],"collection":[{"href":"https:\/\/www.elettralanguages.eu\/fr\/wp-json\/wp\/v2\/pages"}],"about":[{"href":"https:\/\/www.elettralanguages.eu\/fr\/wp-json\/wp\/v2\/types\/page"}],"author":[{"embeddable":true,"href":"https:\/\/www.elettralanguages.eu\/fr\/wp-json\/wp\/v2\/users\/1"}],"replies":[{"embeddable":true,"href":"https:\/\/www.elettralanguages.eu\/fr\/wp-json\/wp\/v2\/comments?post=2422"}],"version-history":[{"count":20,"href":"https:\/\/www.elettralanguages.eu\/fr\/wp-json\/wp\/v2\/pages\/2422\/revisions"}],"predecessor-version":[{"id":2849,"href":"https:\/\/www.elettralanguages.eu\/fr\/wp-json\/wp\/v2\/pages\/2422\/revisions\/2849"}],"wp:attachment":[{"href":"https:\/\/www.elettralanguages.eu\/fr\/wp-json\/wp\/v2\/media?parent=2422"}],"curies":[{"name":"wp","href":"https:\/\/api.w.org\/{rel}","templated":true}]}}