{"id":2409,"date":"2020-06-17T08:05:31","date_gmt":"2020-06-17T08:05:31","guid":{"rendered":"https:\/\/www.elettralanguages.eu\/home3\/"},"modified":"2021-05-10T17:21:50","modified_gmt":"2021-05-10T17:21:50","slug":"home3","status":"publish","type":"page","link":"https:\/\/www.elettralanguages.eu\/fr\/","title":{"rendered":"Accueil"},"content":{"rendered":"<section>\n<h1>\u00c0 vos c\u00f4t\u00e9s pour des traductions juridiques et financi\u00e8res fiables et professionnelles.<\/h1>\n<\/p>\n<p>\t\t\t\t\t\t\t\t\t\t<a href=\"https:\/\/www.elettralanguages.eu\/fr\/contact\/\">\u00c9crivez-nous<\/a><br \/>\n\t\t\t\t\t\t\t\t\t\t<a href=\"\"><\/a><\/p>\n<h1>\u00c0 vos c\u00f4t\u00e9s pour des traductions juridiques et financi\u00e8res fiables et professionnelles.<\/h1>\n<\/p>\n<p>\t\t\t\t\t\t\t\t\t\t<a href=\"https:\/\/www.elettralanguages.eu\/fr\/contact\/\">\u00c9crivez-nous<\/a><br \/>\n\t\t\t\t\t\t\t\t\t\t<a href=\"\"><\/a><br \/>\n\t\t\t<\/section>\n<p>\t\tForts de pr\u00e8s de 20\u00a0ans d\u2019exp\u00e9rience dans le droit et la communication institutionnelle et financi\u00e8re, nous connaissons les besoins et les attentes des cabinets d\u2019avocats et des firmes multinationales\u00a0: une communication rigoureuse, pr\u00e9cise et fiable, peu importe la langue.Nous nous attachons depuis des ann\u00e9es \u00e0 satisfaire cette client\u00e8le exigeante en lui proposant un service fiable et professionnel pour la traduction de ses documents juridiques et financiers en <strong>fran\u00e7ais<\/strong> et en <strong>espagnol<\/strong>, ainsi que dans d\u2019autres langues, gr\u00e2ce \u00e0 notre r\u00e9seau de professionnels de confiance. <\/p>\n<h2 style=\"text-align: center;\">Services<\/h2>\n<p>\t\t\t\t<a href=\"https:\/\/www.elettralanguages.eu\/fr\/services\/\"><br \/>\n\t\t\t\t\t\t\t\t<\/a><\/p>\n<h3>\n\t\t\t\t\t<a href=\"https:\/\/www.elettralanguages.eu\/fr\/services\/\">Traduction &#038; r\u00e9vision de documents juridiques et financiers<\/a><br \/>\n\t\t\t\t<\/h3>\n<p>\t\t\t\t<a href=\"https:\/\/www.elettralanguages.eu\/fr\/services\/\"><br \/>\n\t\t\t\t\t\t\t\t<\/a><\/p>\n<h3>\n\t\t\t\t\t<a href=\"https:\/\/www.elettralanguages.eu\/fr\/services\/\">Traduction asserment\u00e9e<\/a><br \/>\n\t\t\t\t<\/h3>\n<p>\t\t\t\t<a href=\"https:\/\/www.elettralanguages.eu\/fr\/services\/\"><br \/>\n\t\t\t\t\t\t\t\t<\/a><\/p>\n<h3>\n\t\t\t\t\t<a href=\"https:\/\/www.elettralanguages.eu\/fr\/services\/\">Transcr\u00e9ation et traduction cr\u00e9ative<\/a><br \/>\n\t\t\t\t<\/h3>\n<p>\t\t\t\t<a href=\"https:\/\/www.elettralanguages.eu\/fr\/services\/\"><br \/>\n\t\t\t\t\t\t\t\t<\/a><\/p>\n<h3>\n\t\t\t\t\t<a href=\"https:\/\/www.elettralanguages.eu\/fr\/services\/\">Copywriting\/R\u00e9daction publicitaire et cr\u00e9ation de contenus<\/a><br \/>\n\t\t\t\t<\/h3>\n<h4 style=\"text-align: center;\">Nos langues de travail sont l\u2019anglais, l\u2019espagnol et le fran\u00e7ais. Nous pouvons traduire depuis et vers ces langues.<\/h4>\n<p>\t\t\t\t\t\t\t\t\t\t<img decoding=\"async\" src=\"https:\/\/www.elettralanguages.eu\/wp-content\/uploads\/elementor\/thumbs\/lw-1-p5lwu2d761wiua60tshor3gr2cbfg3654lzwd0j2i2.png\" title=\"lw\" alt=\"lw\" \/>\t\t\t\t\t\t\t\t\t\t\t<\/p>\n<h5 style=\"text-align: center;\">Nous ne nous contentons pas de traduire<\/h5>\n<h2 style=\"text-align: center;\">Nous r\u00e9\u00e9crivons les textes dans la langue de destination comme le ferait un avocat ou un \u00e9conomiste<\/h2>\n<p>\t\t\t\t\t\t\t\t\t\t<img decoding=\"async\" width=\"1207\" height=\"805\" src=\"https:\/\/www.elettralanguages.eu\/wp-content\/uploads\/2021\/03\/MG_0542-ps-72ppp-1.jpg\" alt=\"\" loading=\"lazy\" srcset=\"https:\/\/www.elettralanguages.eu\/wp-content\/uploads\/2021\/03\/MG_0542-ps-72ppp-1.jpg 1207w, https:\/\/www.elettralanguages.eu\/wp-content\/uploads\/2021\/03\/MG_0542-ps-72ppp-1-300x200.jpg 300w, https:\/\/www.elettralanguages.eu\/wp-content\/uploads\/2021\/03\/MG_0542-ps-72ppp-1-1024x683.jpg 1024w, https:\/\/www.elettralanguages.eu\/wp-content\/uploads\/2021\/03\/MG_0542-ps-72ppp-1-768x512.jpg 768w\" sizes=\"auto, (max-width: 1207px) 100vw, 1207px\" \/>\t\t\t\t\t\t\t\t\t\t\t<\/p>\n<p>Nos traductions ne ressemblent donc pas \u00e0 des traductions, mais sont aussi naturelles que les textes r\u00e9dig\u00e9s par des professionnels.<\/p>\n<p>Nous ma\u00eetrisons la <strong>terminologie<\/strong> de votre domaine, mais surtout, nous <strong>comprenons<\/strong> les m\u00e9canismes qui le r\u00e9gissent, qu\u2019il s\u2019agisse de l\u2019allocation d\u2019actifs d\u2019un fonds d\u2019investissement, ou de la formulation d\u2019une clause dans un contrat pour r\u00e9pondre \u00e0 une sp\u00e9cificit\u00e9 juridique particuli\u00e8re.\u00a0<\/p>\n<p>Nous comprenons les objectifs et les contraintes de vos documents et savons comment les adapter pour produire des textes naturels et professionnels dans les langues de destination.<\/p>\n<h5 style=\"text-align: center;\">Ce qui nous distingue\u00a0:<\/h5>\n<h2 style=\"text-align: center;\"> Des relations humaines avec nos clients et avec les traducteurs auxquels nous faisons appel.<\/h2>\n<p>Contrairement \u00e0 la plupart des agences de traduction, nous connaissons personnellement nos collaborateurs et travaillons avec eux depuis des ann\u00e9es.<\/p>\n<p>En pr\u00e8s de deux d\u00e9cennies dans le monde de la traduction, nous avons traduit des documents de toutes tailles (de la carte de visite au rapport annuel ou prospectus de plus de 400&nbsp;pages), dans des d\u00e9lais vari\u00e9s ou vers des langues de travail diff\u00e9rentes. Nous avons donc constitu\u00e9 un r\u00e9seau de professionnels de confiance qui ont fait leurs preuves avec nous. Nous ne vous vendrons pas un r\u00e9seau compos\u00e9 de milliers de linguistes inconnus et recrut\u00e9s selon des processus plus ou moins standardis\u00e9s et pas forc\u00e9ment adapt\u00e9s \u00e0 votre r\u00e9alit\u00e9, mais nous travaillons seulement avec des linguistes en qui nous avons une totale confiance.<\/p>\n<figure><img decoding=\"async\" src=\"https:\/\/www.elettralanguages.eu\/wp-content\/uploads\/2021\/03\/Porsche-logo-1.png\" alt=\"Porsche-logo\" \/><\/figure>\n<figure><img decoding=\"async\" src=\"https:\/\/www.elettralanguages.eu\/wp-content\/uploads\/2021\/03\/probance-1.png\" alt=\"probance\" \/><\/figure>\n<figure><img decoding=\"async\" src=\"https:\/\/www.elettralanguages.eu\/wp-content\/uploads\/2021\/03\/sage-group-logo-vector-1.png\" alt=\"sage-group-logo-vector\" \/><\/figure>\n<figure><img decoding=\"async\" src=\"https:\/\/www.elettralanguages.eu\/wp-content\/uploads\/2021\/03\/seafood_from_norway-1.png\" alt=\"seafood_from_norway\" \/><\/figure>\n<figure><img decoding=\"async\" src=\"https:\/\/www.elettralanguages.eu\/wp-content\/uploads\/2021\/03\/SGPB-1.jpg\" alt=\"SGPB\" \/><\/figure>\n<figure><img decoding=\"async\" src=\"https:\/\/www.elettralanguages.eu\/wp-content\/uploads\/2021\/03\/suez-logo-1.gif\" alt=\"suez-logo\" \/><\/figure>\n<figure><img decoding=\"async\" src=\"https:\/\/www.elettralanguages.eu\/wp-content\/uploads\/2021\/03\/65212949_2535841629784082_4477909014201499648_n-1.jpg\" alt=\"65212949_2535841629784082_4477909014201499648_n\" \/><\/figure>\n<figure><img decoding=\"async\" src=\"https:\/\/www.elettralanguages.eu\/wp-content\/uploads\/2021\/03\/1519856174357-1.png\" alt=\"1519856174357\" \/><\/figure>\n<figure><img decoding=\"async\" src=\"https:\/\/www.elettralanguages.eu\/wp-content\/uploads\/2021\/03\/a9a81-oecd-historiasi-1.jpg\" alt=\"a9a81-oecd-historiasi\" \/><\/figure>\n<figure><img decoding=\"async\" src=\"https:\/\/www.elettralanguages.eu\/wp-content\/uploads\/2021\/03\/Afreximbank-logo-vertical-without-background-1.png\" alt=\"Afreximbank-logo-vertical-without-background\" \/><\/figure>\n<figure><img decoding=\"async\" src=\"https:\/\/www.elettralanguages.eu\/wp-content\/uploads\/2021\/03\/akzonobel-1.png\" alt=\"akzonobel\" \/><\/figure>\n<figure><img decoding=\"async\" src=\"https:\/\/www.elettralanguages.eu\/wp-content\/uploads\/2021\/03\/AritcoLogo-1.jpg\" alt=\"AritcoLogo\" \/><\/figure>\n<figure><img decoding=\"async\" src=\"https:\/\/www.elettralanguages.eu\/wp-content\/uploads\/2021\/03\/AS-Avocat-Montpellier-1.png\" alt=\"AS-Avocat-Montpellier\" \/><\/figure>\n<figure><img decoding=\"async\" src=\"https:\/\/www.elettralanguages.eu\/wp-content\/uploads\/2021\/03\/AXA-IM-1.jpg\" alt=\"AXA IM\" \/><\/figure>\n<figure><img decoding=\"async\" src=\"https:\/\/www.elettralanguages.eu\/wp-content\/uploads\/2021\/03\/charbroil-1.png\" alt=\"charbroil\" \/><\/figure>\n<figure><img decoding=\"async\" src=\"https:\/\/www.elettralanguages.eu\/wp-content\/uploads\/2021\/03\/deloitte-1.jpg\" alt=\"deloitte\" \/><\/figure>\n<figure><img decoding=\"async\" src=\"https:\/\/www.elettralanguages.eu\/wp-content\/uploads\/2021\/03\/flix-mobility-1.png\" alt=\"flix mobility\" \/><\/figure>\n<figure><img decoding=\"async\" src=\"https:\/\/www.elettralanguages.eu\/wp-content\/uploads\/2021\/03\/foss-logo-1.png\" alt=\"foss-logo\" \/><\/figure>\n<figure><img decoding=\"async\" src=\"https:\/\/www.elettralanguages.eu\/wp-content\/uploads\/2021\/03\/GLEvents-1.png\" alt=\"GLEvents\" \/><\/figure>\n<figure><img decoding=\"async\" src=\"https:\/\/www.elettralanguages.eu\/wp-content\/uploads\/2021\/03\/gse-logo-1.png\" alt=\"gse-logo\" \/><\/figure>\n<figure><img decoding=\"async\" src=\"https:\/\/www.elettralanguages.eu\/wp-content\/uploads\/2021\/03\/ImageDetail_20981f81-4886-45ce-931f-20e7bb8005d5_Large-1.jpg\" alt=\"ImageDetail_20981f81-4886-45ce-931f-20e7bb8005d5_Large\" \/><\/figure>\n<figure><img decoding=\"async\" src=\"https:\/\/www.elettralanguages.eu\/wp-content\/uploads\/2021\/03\/Kaliti-1.png\" alt=\"Kaliti\" \/><\/figure>\n<figure><img decoding=\"async\" src=\"https:\/\/www.elettralanguages.eu\/wp-content\/uploads\/2021\/03\/Logo300-1.png\" alt=\"Logo300\" \/><\/figure>\n<figure><img decoding=\"async\" src=\"https:\/\/www.elettralanguages.eu\/wp-content\/uploads\/2021\/03\/logo-ascalone-avocats-1.png\" alt=\"logo-ascalone-avocats\" \/><\/figure>\n<figure><img decoding=\"async\" src=\"https:\/\/www.elettralanguages.eu\/wp-content\/uploads\/2021\/03\/logo-fr-1.png\" alt=\"logo-fr\" \/><\/figure>\n<figure><img decoding=\"async\" src=\"https:\/\/www.elettralanguages.eu\/wp-content\/uploads\/2021\/03\/Logos-Florette-Nuevo-1.jpg\" alt=\"Logos-Florette-Nuevo\" \/><\/figure>\n<figure><img decoding=\"async\" src=\"https:\/\/www.elettralanguages.eu\/wp-content\/uploads\/2021\/03\/National_Gallery_logo-1.png\" alt=\"National_Gallery_logo\" \/><\/figure>\n<figure><img decoding=\"async\" src=\"https:\/\/www.elettralanguages.eu\/wp-content\/uploads\/2021\/03\/pictet_logo-1.png\" alt=\"pictet_logo\" \/><\/figure>\n<p>\t\t\t\t\t\tPrevious<br \/>\n\t\t\t\t\t\tNext<\/p>\n","protected":false},"excerpt":{"rendered":"<p>\u00c0 vos c\u00f4t\u00e9s pour des traductions juridiques et financi\u00e8res fiables et professionnelles. \u00c9crivez-nous \u00c0 vos c\u00f4t\u00e9s pour des traductions juridiques <span>&#8230;<\/span><\/p>\n","protected":false},"author":1,"featured_media":0,"parent":0,"menu_order":0,"comment_status":"closed","ping_status":"closed","template":"elementor_header_footer","meta":{"footnotes":""},"class_list":["post-2409","page","type-page","status-publish","hentry"],"yoast_head":"<!-- This site is optimized with the Yoast SEO plugin v27.5 - https:\/\/yoast.com\/product\/yoast-seo-wordpress\/ -->\n<title>Accueil - Elettralanguages<\/title>\n<meta name=\"robots\" content=\"index, follow, max-snippet:-1, max-image-preview:large, max-video-preview:-1\" \/>\n<link rel=\"canonical\" href=\"https:\/\/www.elettralanguages.eu\/fr\/\" \/>\n<meta property=\"og:locale\" content=\"fr_FR\" \/>\n<meta property=\"og:type\" content=\"article\" \/>\n<meta property=\"og:title\" content=\"Accueil - Elettralanguages\" \/>\n<meta property=\"og:description\" content=\"\u00c0 vos c\u00f4t\u00e9s pour des traductions juridiques et financi\u00e8res fiables et professionnelles. \u00c9crivez-nous \u00c0 vos c\u00f4t\u00e9s pour des traductions juridiques ...\" \/>\n<meta property=\"og:url\" content=\"https:\/\/www.elettralanguages.eu\/fr\/\" \/>\n<meta property=\"og:site_name\" content=\"Elettralanguages\" \/>\n<meta property=\"article:modified_time\" content=\"2021-05-10T17:21:50+00:00\" \/>\n<meta property=\"og:image\" content=\"https:\/\/www.elettralanguages.eu\/wp-content\/uploads\/elementor\/thumbs\/lw-1-p5lwu2d761wiua60tshor3gr2cbfg3654lzwd0j2i2.png\" \/>\n<meta name=\"twitter:card\" content=\"summary_large_image\" \/>\n<meta name=\"twitter:label1\" content=\"Dur\u00e9e de lecture estim\u00e9e\" \/>\n\t<meta name=\"twitter:data1\" content=\"10 minutes\" \/>\n<script type=\"application\/ld+json\" class=\"yoast-schema-graph\">{\"@context\":\"https:\\\/\\\/schema.org\",\"@graph\":[{\"@type\":\"WebPage\",\"@id\":\"https:\\\/\\\/www.elettralanguages.eu\\\/fr\\\/\",\"url\":\"https:\\\/\\\/www.elettralanguages.eu\\\/fr\\\/\",\"name\":\"Accueil - Elettralanguages\",\"isPartOf\":{\"@id\":\"https:\\\/\\\/www.elettralanguages.eu\\\/#website\"},\"primaryImageOfPage\":{\"@id\":\"https:\\\/\\\/www.elettralanguages.eu\\\/fr\\\/#primaryimage\"},\"image\":{\"@id\":\"https:\\\/\\\/www.elettralanguages.eu\\\/fr\\\/#primaryimage\"},\"thumbnailUrl\":\"https:\\\/\\\/www.elettralanguages.eu\\\/wp-content\\\/uploads\\\/elementor\\\/thumbs\\\/lw-1-p5lwu2d761wiua60tshor3gr2cbfg3654lzwd0j2i2.png\",\"datePublished\":\"2020-06-17T08:05:31+00:00\",\"dateModified\":\"2021-05-10T17:21:50+00:00\",\"breadcrumb\":{\"@id\":\"https:\\\/\\\/www.elettralanguages.eu\\\/fr\\\/#breadcrumb\"},\"inLanguage\":\"fr-FR\",\"potentialAction\":[{\"@type\":\"ReadAction\",\"target\":[\"https:\\\/\\\/www.elettralanguages.eu\\\/fr\\\/\"]}]},{\"@type\":\"ImageObject\",\"inLanguage\":\"fr-FR\",\"@id\":\"https:\\\/\\\/www.elettralanguages.eu\\\/fr\\\/#primaryimage\",\"url\":\"https:\\\/\\\/www.elettralanguages.eu\\\/wp-content\\\/uploads\\\/elementor\\\/thumbs\\\/lw-1-p5lwu2d761wiua60tshor3gr2cbfg3654lzwd0j2i2.png\",\"contentUrl\":\"https:\\\/\\\/www.elettralanguages.eu\\\/wp-content\\\/uploads\\\/elementor\\\/thumbs\\\/lw-1-p5lwu2d761wiua60tshor3gr2cbfg3654lzwd0j2i2.png\"},{\"@type\":\"BreadcrumbList\",\"@id\":\"https:\\\/\\\/www.elettralanguages.eu\\\/fr\\\/#breadcrumb\",\"itemListElement\":[{\"@type\":\"ListItem\",\"position\":1,\"name\":\"Home\",\"item\":\"https:\\\/\\\/www.elettralanguages.eu\\\/fr\\\/\"},{\"@type\":\"ListItem\",\"position\":2,\"name\":\"Accueil\"}]},{\"@type\":\"WebSite\",\"@id\":\"https:\\\/\\\/www.elettralanguages.eu\\\/#website\",\"url\":\"https:\\\/\\\/www.elettralanguages.eu\\\/\",\"name\":\"Elettralanguages\",\"description\":\"\",\"publisher\":{\"@id\":\"https:\\\/\\\/www.elettralanguages.eu\\\/#organization\"},\"potentialAction\":[{\"@type\":\"SearchAction\",\"target\":{\"@type\":\"EntryPoint\",\"urlTemplate\":\"https:\\\/\\\/www.elettralanguages.eu\\\/?s={search_term_string}\"},\"query-input\":{\"@type\":\"PropertyValueSpecification\",\"valueRequired\":true,\"valueName\":\"search_term_string\"}}],\"inLanguage\":\"fr-FR\"},{\"@type\":\"Organization\",\"@id\":\"https:\\\/\\\/www.elettralanguages.eu\\\/#organization\",\"name\":\"Elettralanguages\",\"url\":\"https:\\\/\\\/www.elettralanguages.eu\\\/\",\"logo\":{\"@type\":\"ImageObject\",\"inLanguage\":\"fr-FR\",\"@id\":\"https:\\\/\\\/www.elettralanguages.eu\\\/#\\\/schema\\\/logo\\\/image\\\/\",\"url\":\"https:\\\/\\\/www.elettralanguages.eu\\\/wp-content\\\/uploads\\\/2021\\\/03\\\/logo_ELLETRA_FINAL-e1616672166268-1.png\",\"contentUrl\":\"https:\\\/\\\/www.elettralanguages.eu\\\/wp-content\\\/uploads\\\/2021\\\/03\\\/logo_ELLETRA_FINAL-e1616672166268-1.png\",\"width\":366,\"height\":75,\"caption\":\"Elettralanguages\"},\"image\":{\"@id\":\"https:\\\/\\\/www.elettralanguages.eu\\\/#\\\/schema\\\/logo\\\/image\\\/\"}}]}<\/script>\n<!-- \/ Yoast SEO plugin. -->","yoast_head_json":{"title":"Accueil - Elettralanguages","robots":{"index":"index","follow":"follow","max-snippet":"max-snippet:-1","max-image-preview":"max-image-preview:large","max-video-preview":"max-video-preview:-1"},"canonical":"https:\/\/www.elettralanguages.eu\/fr\/","og_locale":"fr_FR","og_type":"article","og_title":"Accueil - Elettralanguages","og_description":"\u00c0 vos c\u00f4t\u00e9s pour des traductions juridiques et financi\u00e8res fiables et professionnelles. \u00c9crivez-nous \u00c0 vos c\u00f4t\u00e9s pour des traductions juridiques ...","og_url":"https:\/\/www.elettralanguages.eu\/fr\/","og_site_name":"Elettralanguages","article_modified_time":"2021-05-10T17:21:50+00:00","og_image":[{"url":"https:\/\/www.elettralanguages.eu\/wp-content\/uploads\/elementor\/thumbs\/lw-1-p5lwu2d761wiua60tshor3gr2cbfg3654lzwd0j2i2.png","type":"","width":"","height":""}],"twitter_card":"summary_large_image","twitter_misc":{"Dur\u00e9e de lecture estim\u00e9e":"10 minutes"},"schema":{"@context":"https:\/\/schema.org","@graph":[{"@type":"WebPage","@id":"https:\/\/www.elettralanguages.eu\/fr\/","url":"https:\/\/www.elettralanguages.eu\/fr\/","name":"Accueil - Elettralanguages","isPartOf":{"@id":"https:\/\/www.elettralanguages.eu\/#website"},"primaryImageOfPage":{"@id":"https:\/\/www.elettralanguages.eu\/fr\/#primaryimage"},"image":{"@id":"https:\/\/www.elettralanguages.eu\/fr\/#primaryimage"},"thumbnailUrl":"https:\/\/www.elettralanguages.eu\/wp-content\/uploads\/elementor\/thumbs\/lw-1-p5lwu2d761wiua60tshor3gr2cbfg3654lzwd0j2i2.png","datePublished":"2020-06-17T08:05:31+00:00","dateModified":"2021-05-10T17:21:50+00:00","breadcrumb":{"@id":"https:\/\/www.elettralanguages.eu\/fr\/#breadcrumb"},"inLanguage":"fr-FR","potentialAction":[{"@type":"ReadAction","target":["https:\/\/www.elettralanguages.eu\/fr\/"]}]},{"@type":"ImageObject","inLanguage":"fr-FR","@id":"https:\/\/www.elettralanguages.eu\/fr\/#primaryimage","url":"https:\/\/www.elettralanguages.eu\/wp-content\/uploads\/elementor\/thumbs\/lw-1-p5lwu2d761wiua60tshor3gr2cbfg3654lzwd0j2i2.png","contentUrl":"https:\/\/www.elettralanguages.eu\/wp-content\/uploads\/elementor\/thumbs\/lw-1-p5lwu2d761wiua60tshor3gr2cbfg3654lzwd0j2i2.png"},{"@type":"BreadcrumbList","@id":"https:\/\/www.elettralanguages.eu\/fr\/#breadcrumb","itemListElement":[{"@type":"ListItem","position":1,"name":"Home","item":"https:\/\/www.elettralanguages.eu\/fr\/"},{"@type":"ListItem","position":2,"name":"Accueil"}]},{"@type":"WebSite","@id":"https:\/\/www.elettralanguages.eu\/#website","url":"https:\/\/www.elettralanguages.eu\/","name":"Elettralanguages","description":"","publisher":{"@id":"https:\/\/www.elettralanguages.eu\/#organization"},"potentialAction":[{"@type":"SearchAction","target":{"@type":"EntryPoint","urlTemplate":"https:\/\/www.elettralanguages.eu\/?s={search_term_string}"},"query-input":{"@type":"PropertyValueSpecification","valueRequired":true,"valueName":"search_term_string"}}],"inLanguage":"fr-FR"},{"@type":"Organization","@id":"https:\/\/www.elettralanguages.eu\/#organization","name":"Elettralanguages","url":"https:\/\/www.elettralanguages.eu\/","logo":{"@type":"ImageObject","inLanguage":"fr-FR","@id":"https:\/\/www.elettralanguages.eu\/#\/schema\/logo\/image\/","url":"https:\/\/www.elettralanguages.eu\/wp-content\/uploads\/2021\/03\/logo_ELLETRA_FINAL-e1616672166268-1.png","contentUrl":"https:\/\/www.elettralanguages.eu\/wp-content\/uploads\/2021\/03\/logo_ELLETRA_FINAL-e1616672166268-1.png","width":366,"height":75,"caption":"Elettralanguages"},"image":{"@id":"https:\/\/www.elettralanguages.eu\/#\/schema\/logo\/image\/"}}]}},"_links":{"self":[{"href":"https:\/\/www.elettralanguages.eu\/fr\/wp-json\/wp\/v2\/pages\/2409","targetHints":{"allow":["GET"]}}],"collection":[{"href":"https:\/\/www.elettralanguages.eu\/fr\/wp-json\/wp\/v2\/pages"}],"about":[{"href":"https:\/\/www.elettralanguages.eu\/fr\/wp-json\/wp\/v2\/types\/page"}],"author":[{"embeddable":true,"href":"https:\/\/www.elettralanguages.eu\/fr\/wp-json\/wp\/v2\/users\/1"}],"replies":[{"embeddable":true,"href":"https:\/\/www.elettralanguages.eu\/fr\/wp-json\/wp\/v2\/comments?post=2409"}],"version-history":[{"count":39,"href":"https:\/\/www.elettralanguages.eu\/fr\/wp-json\/wp\/v2\/pages\/2409\/revisions"}],"predecessor-version":[{"id":3000,"href":"https:\/\/www.elettralanguages.eu\/fr\/wp-json\/wp\/v2\/pages\/2409\/revisions\/3000"}],"wp:attachment":[{"href":"https:\/\/www.elettralanguages.eu\/fr\/wp-json\/wp\/v2\/media?parent=2409"}],"curies":[{"name":"wp","href":"https:\/\/api.w.org\/{rel}","templated":true}]}}