{"id":2429,"date":"2020-06-25T10:19:55","date_gmt":"2020-06-25T10:19:55","guid":{"rendered":"https:\/\/www.elettralanguages.eu\/contact\/"},"modified":"2021-05-05T13:26:56","modified_gmt":"2021-05-05T13:26:56","slug":"contacto","status":"publish","type":"page","link":"https:\/\/www.elettralanguages.eu\/es\/contacto\/","title":{"rendered":"Contacto"},"content":{"rendered":"<h1 style=\"font-size: 40px; line-height: 50px; text-shadow: 2px 2px 10px #000; color: #fff; font-weight: bold;\">Cont\u00e1ctenos y hablemos de su proyecto<\/h1>\n<p>\t\t\t\t\t<!-- contact-information --><\/p>\n<section>\n<h5><\/h5>\n<h3><\/h3>\n<h3>Correo electr\u00f3nico<\/h3>\n<p><strong>Correo electr\u00f3nico<br \/>\nELETTRA:<\/strong><br \/>\n<a href=\"mailto:info@elettralanguages.eu\">info@elettralanguages.eu<\/a><\/p>\n<p><strong>Nuestras direcciones<br \/>\nparticulares:<\/strong><br \/>\n<a href=\"mailto:irene@elettralanguages.eu\">irene@elettralanguages.eu<\/a><br \/>\n<a href=\"mailto:jean-philippe@elettralanguages.eu\">jean-philippe@elettralanguages.eu<\/a><\/p>\n<h3>Linkedin<\/h3>\n<p><strong>Nuestros perfiles de LinkedIn:<\/strong><br \/>\n<a href=\"https:\/\/www.linkedin.com\/in\/irenelopezllandres\/\" target=\"_blank\" rel=\"noopener\">linkedin.com\/in\/irenelopezllandres<\/a><br \/>\n<a href=\"https:\/\/www.linkedin.com\/in\/jpmenotti\/\" target=\"_blank\" rel=\"noopener\">linkedin.com\/in\/jpmenotti<\/a><\/p>\n<p><strong>ELETTRA LANGUAGES LinkedIn<\/strong><br \/>\n<a href=\"https:\/\/www.linkedin.com\/company\/elettra-languages\" target=\"_blank\" rel=\"noopener\">linkedin.com\/company\/elettra-languages<\/a><\/p>\n<h3>Otros<\/h3>\n<p><strong>P\u00e1gina web ELETTRA<br \/>\nLANGUAGES:<\/strong><br \/>\n<a href=\"http:\/\/www.elettralanguages.eu\/\">www.elettralanguages.eu<\/a><\/p>\n<p><strong>ELETTRA LANGUAGES Twitter:<\/strong><br \/>\n<a href=\"https:\/\/twitter.com\/ElettraLanguage\">@elettralanguage<\/a>\n<\/p>\n<\/section>\n<p>\t\t<!-- contact-information end --><\/p>\n","protected":false},"excerpt":{"rendered":"<p>Cont\u00e1ctenos y hablemos de su proyecto Correo electr\u00f3nico Correo electr\u00f3nico ELETTRA: info@elettralanguages.eu Nuestras direcciones particulares: irene@elettralanguages.eu jean-philippe@elettralanguages.eu Linkedin Nuestros perfiles <span>&#8230;<\/span><\/p>\n","protected":false},"author":1,"featured_media":0,"parent":0,"menu_order":0,"comment_status":"closed","ping_status":"closed","template":"elementor_header_footer","meta":{"footnotes":""},"class_list":["post-2429","page","type-page","status-publish","hentry"],"yoast_head":"<!-- This site is optimized with the Yoast SEO plugin v27.5 - https:\/\/yoast.com\/product\/yoast-seo-wordpress\/ -->\n<title>Contacto - Elettralanguages<\/title>\n<meta name=\"robots\" content=\"index, follow, max-snippet:-1, max-image-preview:large, max-video-preview:-1\" \/>\n<link rel=\"canonical\" href=\"https:\/\/www.elettralanguages.eu\/es\/contacto\/\" \/>\n<meta property=\"og:locale\" content=\"es_ES\" \/>\n<meta property=\"og:type\" content=\"article\" \/>\n<meta property=\"og:title\" content=\"Contacto - Elettralanguages\" \/>\n<meta property=\"og:description\" content=\"Cont\u00e1ctenos y hablemos de su proyecto Correo electr\u00f3nico Correo electr\u00f3nico ELETTRA: info@elettralanguages.eu Nuestras direcciones particulares: irene@elettralanguages.eu jean-philippe@elettralanguages.eu Linkedin Nuestros perfiles ...\" \/>\n<meta property=\"og:url\" content=\"https:\/\/www.elettralanguages.eu\/es\/contacto\/\" \/>\n<meta property=\"og:site_name\" content=\"Elettralanguages\" \/>\n<meta property=\"article:modified_time\" content=\"2021-05-05T13:26:56+00:00\" \/>\n<meta name=\"twitter:card\" content=\"summary_large_image\" \/>\n<meta name=\"twitter:label1\" content=\"Tiempo de lectura\" \/>\n\t<meta name=\"twitter:data1\" content=\"1 minuto\" \/>\n<script type=\"application\/ld+json\" class=\"yoast-schema-graph\">{\"@context\":\"https:\\\/\\\/schema.org\",\"@graph\":[{\"@type\":\"WebPage\",\"@id\":\"https:\\\/\\\/www.elettralanguages.eu\\\/es\\\/contacto\\\/\",\"url\":\"https:\\\/\\\/www.elettralanguages.eu\\\/es\\\/contacto\\\/\",\"name\":\"Contacto - Elettralanguages\",\"isPartOf\":{\"@id\":\"https:\\\/\\\/www.elettralanguages.eu\\\/#website\"},\"datePublished\":\"2020-06-25T10:19:55+00:00\",\"dateModified\":\"2021-05-05T13:26:56+00:00\",\"breadcrumb\":{\"@id\":\"https:\\\/\\\/www.elettralanguages.eu\\\/es\\\/contacto\\\/#breadcrumb\"},\"inLanguage\":\"es\",\"potentialAction\":[{\"@type\":\"ReadAction\",\"target\":[\"https:\\\/\\\/www.elettralanguages.eu\\\/es\\\/contacto\\\/\"]}]},{\"@type\":\"BreadcrumbList\",\"@id\":\"https:\\\/\\\/www.elettralanguages.eu\\\/es\\\/contacto\\\/#breadcrumb\",\"itemListElement\":[{\"@type\":\"ListItem\",\"position\":1,\"name\":\"Home\",\"item\":\"https:\\\/\\\/www.elettralanguages.eu\\\/es\\\/\"},{\"@type\":\"ListItem\",\"position\":2,\"name\":\"Contacto\"}]},{\"@type\":\"WebSite\",\"@id\":\"https:\\\/\\\/www.elettralanguages.eu\\\/#website\",\"url\":\"https:\\\/\\\/www.elettralanguages.eu\\\/\",\"name\":\"Elettralanguages\",\"description\":\"\",\"publisher\":{\"@id\":\"https:\\\/\\\/www.elettralanguages.eu\\\/#organization\"},\"potentialAction\":[{\"@type\":\"SearchAction\",\"target\":{\"@type\":\"EntryPoint\",\"urlTemplate\":\"https:\\\/\\\/www.elettralanguages.eu\\\/?s={search_term_string}\"},\"query-input\":{\"@type\":\"PropertyValueSpecification\",\"valueRequired\":true,\"valueName\":\"search_term_string\"}}],\"inLanguage\":\"es\"},{\"@type\":\"Organization\",\"@id\":\"https:\\\/\\\/www.elettralanguages.eu\\\/#organization\",\"name\":\"Elettralanguages\",\"url\":\"https:\\\/\\\/www.elettralanguages.eu\\\/\",\"logo\":{\"@type\":\"ImageObject\",\"inLanguage\":\"es\",\"@id\":\"https:\\\/\\\/www.elettralanguages.eu\\\/#\\\/schema\\\/logo\\\/image\\\/\",\"url\":\"https:\\\/\\\/www.elettralanguages.eu\\\/wp-content\\\/uploads\\\/2021\\\/03\\\/logo_ELLETRA_FINAL-e1616672166268-1.png\",\"contentUrl\":\"https:\\\/\\\/www.elettralanguages.eu\\\/wp-content\\\/uploads\\\/2021\\\/03\\\/logo_ELLETRA_FINAL-e1616672166268-1.png\",\"width\":366,\"height\":75,\"caption\":\"Elettralanguages\"},\"image\":{\"@id\":\"https:\\\/\\\/www.elettralanguages.eu\\\/#\\\/schema\\\/logo\\\/image\\\/\"}}]}<\/script>\n<!-- \/ Yoast SEO plugin. -->","yoast_head_json":{"title":"Contacto - Elettralanguages","robots":{"index":"index","follow":"follow","max-snippet":"max-snippet:-1","max-image-preview":"max-image-preview:large","max-video-preview":"max-video-preview:-1"},"canonical":"https:\/\/www.elettralanguages.eu\/es\/contacto\/","og_locale":"es_ES","og_type":"article","og_title":"Contacto - Elettralanguages","og_description":"Cont\u00e1ctenos y hablemos de su proyecto Correo electr\u00f3nico Correo electr\u00f3nico ELETTRA: info@elettralanguages.eu Nuestras direcciones particulares: irene@elettralanguages.eu jean-philippe@elettralanguages.eu Linkedin Nuestros perfiles ...","og_url":"https:\/\/www.elettralanguages.eu\/es\/contacto\/","og_site_name":"Elettralanguages","article_modified_time":"2021-05-05T13:26:56+00:00","twitter_card":"summary_large_image","twitter_misc":{"Tiempo de lectura":"1 minuto"},"schema":{"@context":"https:\/\/schema.org","@graph":[{"@type":"WebPage","@id":"https:\/\/www.elettralanguages.eu\/es\/contacto\/","url":"https:\/\/www.elettralanguages.eu\/es\/contacto\/","name":"Contacto - Elettralanguages","isPartOf":{"@id":"https:\/\/www.elettralanguages.eu\/#website"},"datePublished":"2020-06-25T10:19:55+00:00","dateModified":"2021-05-05T13:26:56+00:00","breadcrumb":{"@id":"https:\/\/www.elettralanguages.eu\/es\/contacto\/#breadcrumb"},"inLanguage":"es","potentialAction":[{"@type":"ReadAction","target":["https:\/\/www.elettralanguages.eu\/es\/contacto\/"]}]},{"@type":"BreadcrumbList","@id":"https:\/\/www.elettralanguages.eu\/es\/contacto\/#breadcrumb","itemListElement":[{"@type":"ListItem","position":1,"name":"Home","item":"https:\/\/www.elettralanguages.eu\/es\/"},{"@type":"ListItem","position":2,"name":"Contacto"}]},{"@type":"WebSite","@id":"https:\/\/www.elettralanguages.eu\/#website","url":"https:\/\/www.elettralanguages.eu\/","name":"Elettralanguages","description":"","publisher":{"@id":"https:\/\/www.elettralanguages.eu\/#organization"},"potentialAction":[{"@type":"SearchAction","target":{"@type":"EntryPoint","urlTemplate":"https:\/\/www.elettralanguages.eu\/?s={search_term_string}"},"query-input":{"@type":"PropertyValueSpecification","valueRequired":true,"valueName":"search_term_string"}}],"inLanguage":"es"},{"@type":"Organization","@id":"https:\/\/www.elettralanguages.eu\/#organization","name":"Elettralanguages","url":"https:\/\/www.elettralanguages.eu\/","logo":{"@type":"ImageObject","inLanguage":"es","@id":"https:\/\/www.elettralanguages.eu\/#\/schema\/logo\/image\/","url":"https:\/\/www.elettralanguages.eu\/wp-content\/uploads\/2021\/03\/logo_ELLETRA_FINAL-e1616672166268-1.png","contentUrl":"https:\/\/www.elettralanguages.eu\/wp-content\/uploads\/2021\/03\/logo_ELLETRA_FINAL-e1616672166268-1.png","width":366,"height":75,"caption":"Elettralanguages"},"image":{"@id":"https:\/\/www.elettralanguages.eu\/#\/schema\/logo\/image\/"}}]}},"_links":{"self":[{"href":"https:\/\/www.elettralanguages.eu\/es\/wp-json\/wp\/v2\/pages\/2429","targetHints":{"allow":["GET"]}}],"collection":[{"href":"https:\/\/www.elettralanguages.eu\/es\/wp-json\/wp\/v2\/pages"}],"about":[{"href":"https:\/\/www.elettralanguages.eu\/es\/wp-json\/wp\/v2\/types\/page"}],"author":[{"embeddable":true,"href":"https:\/\/www.elettralanguages.eu\/es\/wp-json\/wp\/v2\/users\/1"}],"replies":[{"embeddable":true,"href":"https:\/\/www.elettralanguages.eu\/es\/wp-json\/wp\/v2\/comments?post=2429"}],"version-history":[{"count":21,"href":"https:\/\/www.elettralanguages.eu\/es\/wp-json\/wp\/v2\/pages\/2429\/revisions"}],"predecessor-version":[{"id":2993,"href":"https:\/\/www.elettralanguages.eu\/es\/wp-json\/wp\/v2\/pages\/2429\/revisions\/2993"}],"wp:attachment":[{"href":"https:\/\/www.elettralanguages.eu\/es\/wp-json\/wp\/v2\/media?parent=2429"}],"curies":[{"name":"wp","href":"https:\/\/api.w.org\/{rel}","templated":true}]}}