{"id":2417,"date":"2020-06-25T06:27:16","date_gmt":"2020-06-25T06:27:16","guid":{"rendered":"https:\/\/www.elettralanguages.eu\/about-us\/"},"modified":"2025-10-26T11:35:23","modified_gmt":"2025-10-26T11:35:23","slug":"sobre-nosotros","status":"publish","type":"page","link":"https:\/\/www.elettralanguages.eu\/es\/sobre-nosotros\/","title":{"rendered":"Sobre nosotros"},"content":{"rendered":"<h2 style=\"text-align: center; margin-bottom: 20px; font-weight: bold;\">Gracias a los cerca de veinte a\u00f1os de experiencia en los sectores jur\u00eddico y de la comunicaci\u00f3n institucional y financiera, entendemos perfectamente sus necesidades y las expectativas de sus clientes en el \u00e1mbito internacional.<\/h2>\n<h2 style=\"text-align: center; font-size: 1.8rem;\">Adem\u00e1s de compartir nuestra vida profesional, compartimos tambi\u00e9n nuestra vida personal. Estamos casados y somo padres de dos ni\u00f1as, Alba y Louane.<\/h2>\n<h5 style=\"color: #ffffff; text-align: center;\">Traductora, relectora,<br \/>\ntranscreadora y<br \/>\nabogada<\/h5>\n<h2 style=\"text-align: center; color: #fff;\">IRENE L\u00d3PEZ LLANDRES<\/h2>\n<p><img decoding=\"async\" src=\"https:\/\/www.elettralanguages.eu\/wp-content\/uploads\/2021\/03\/K67pmR_g-1.jpeg\" sizes=\"(max-width: 341px) 100vw, 341px\" srcset=\"https:\/\/www.elettralanguages.eu\/wp-content\/uploads\/2021\/03\/K67pmR_g-1.jpeg 341w, https:\/\/www.elettralanguages.eu\/wp-content\/uploads\/2021\/03\/K67pmR_g-1-200x300.jpeg 200w\" alt=\"\" width=\"341\" height=\"512\" \/><\/p>\n<p>Abogada ejerciente inscrita en el Colegio de Abogados de Valencia y jurista-ling\u00fcista de la Corte Penal Internacional, as\u00ed como de otros organismos internacionales.<\/p>\n<p><a>Continuar<\/a><\/p>\n<p>Tras acabar la carrera de Derecho, empec\u00e9 a trabajar en el a\u00f1o 2006 como abogada de un conocido despacho de Madrid donde trabaj\u00e9 m\u00e1s de 10. Me encargu\u00e9 de diferentes procedimientos de insolvencia en el \u00e1mbito nacional e internacional.<\/p>\n<p>En 2012, finalic\u00e9 un M\u00e1ster en materia de insolvencia empresarial en la\u00a0<a href=\"https:\/\/www.uspceu.com\/\">\u00baUniversidad San pablo CEU\u00ba<\/a>\u00a0de Madrid.<\/p>\n<p>A partir del a\u00f1o 2015, empec\u00e9 a trabajar por mi cuenta compaginando mi actividad de abogada independiente con una formaci\u00f3n espec\u00edfica en traducci\u00f3n jur\u00eddica y para organismos internacionales. Desde el a\u00f1o 2015 compagino mi tiempo entre mis actividades como abogada por cuenta propia y la traducci\u00f3n jur\u00eddica e institucional.<\/p>\n<p>En la actualidad soy jurista-ling\u00fcista de varios organismos internacionales entre los que destacan: la Corte Penal Internacional, UNICEF, la OCDE y el Banco Interamericano de Desarrollo.<\/p>\n<p>En el \u00e1mbito jur\u00eddico me especialic\u00e9 en Derecho Penal y m\u00e1s concretamente temas relacionados con la violencia de g\u00e9nero y protecci\u00f3n de menores. En la actualidad formo parte de los letrados integrantes del Turno de Oficio de Valencia.<\/p>\n<h5 style=\"color: #ffffff; text-align: center;\">Traductor, revisor, transcreador, redactor<\/h5>\n<h2 style=\"color: #ffffff; text-align: center;\">JEAN-PHILIPPE MENOTTI<\/h2>\n<p><img decoding=\"async\" src=\"https:\/\/www.elettralanguages.eu\/wp-content\/uploads\/2021\/03\/Jh4JmV3A-1.jpeg\" sizes=\"(max-width: 341px) 100vw, 341px\" srcset=\"https:\/\/www.elettralanguages.eu\/wp-content\/uploads\/2021\/03\/Jh4JmV3A-1.jpeg 341w, https:\/\/www.elettralanguages.eu\/wp-content\/uploads\/2021\/03\/Jh4JmV3A-1-200x300.jpeg 200w\" alt=\"\" width=\"341\" height=\"512\" \/><\/p>\n<p>Tras obtener mi t\u00edtulo de traductor especializado en negocios internacionales de <a href=\"https:\/\/www.isit-paris.fr\/\" target=\"_blank\" rel=\"noopener\">ISIT<\/a> en 2003, al a\u00f1o siguiente empec\u00e9 a trabajar como traductor independiente especializado en el \u00e1mbito de las finanzas y la gesti\u00f3n de activos.<\/p>\n<p><a>Continuar<\/a><\/p>\n<p>En 2007, en paralelo a mi actividad liberal, me incorpor\u00e9 a la sociedad RR Donnelley Financial (actualmente <a href=\"https:\/\/www.dfinsolutions.com\/\" target=\"_blank\" rel=\"noopener\">Donnelley Financial Solutions<\/a>) en Par\u00eds donde me encargu\u00e9 de diferentes proyectos de comunicaci\u00f3n y de edici\u00f3n financiera para los grandes grupos franceses (<a href=\"https:\/\/www.sanofi.com\/\" target=\"_blank\" rel=\"noopener\">Sanofi<\/a>, <a href=\"https:\/\/www.total.com\/\" target=\"_blank\" rel=\"noopener\">Total<\/a>, <a href=\"https:\/\/www.al-enterprise.com\/\" target=\"_blank\" rel=\"noopener\">Alcatel Lucent<\/a>, etc.) as\u00ed como de grandes operaciones financieras (introducciones en bolsa, emisi\u00f3n de duda en alto rendimiento, etc.). De este modo pude adquirir una amplia experiencia en contacto con los servicios de relaciones con los accionistas de esos grupos y de trabajadores del sector bancario y abogados participantes en dichas transacciones.<\/p>\n<p>En 2011, me incorpor\u00e9 a tiempo completo en el departamento de traducci\u00f3n de la sociedad (adquirida posteriormente por <a href=\"https:\/\/www.rws.com\/\" target=\"_blank\" rel=\"noopener\">SDL<\/a>) donde dirig\u00ed al equipo parisino encargado de la gesti\u00f3n de proyectos de las grandes cuentas (<a href=\"https:\/\/www.engie.com\/\" target=\"_blank\" rel=\"noopener\">Engie<\/a>, <a href=\"https:\/\/www.suez.com\/\" target=\"_blank\" rel=\"noopener\">Suez<\/a>, etc.) y de los despachos de abogados internacionales (<a href=\"https:\/\/www.sullcrom.com\/\" target=\"_blank\" rel=\"noopener\">Sullivan &amp; Cromwell<\/a>, <a href=\"https:\/\/www.jonesday.com\/en\/\" target=\"_blank\" rel=\"noopener\">Jones Day<\/a>, etc.). A continuaci\u00f3n, particip\u00e9 en la apertura de la oficina madrile\u00f1a de la sociedad donde cre\u00e9 y dirig\u00ed un equipo de jefes de proyecto polivalentes, formado para asistir las diferentes plataformas de Londres, Luxemburgo, Nueva York, Tokyo y Hong Kong.<\/p>\n<p>En 2015, dej\u00e9 la sociedad para retomar una actividad como traductor independiente con una doble especializaci\u00f3n en finanzas y en traducci\u00f3n creativa para la comunicaci\u00f3n corporativa.<\/p>\n<p>Colabor\u00e9 tambi\u00e9n con Irene en el marco de nuestra actividad com\u00fan de asesoramiento internacional a las empresas, hasta la creaci\u00f3n de Elettra Languages, donde nos dedicamos plenamente a los servicios ling\u00fc\u00edsticos.<\/p>\n<h2 style=\"text-align: center;\">ASOCIACIONES<\/h2>\n<p><a href=\"https:\/\/asetrad.org\/\" target=\"_blank\" rel=\"noopener\"><br \/>\n<img decoding=\"async\" src=\"https:\/\/www.elettralanguages.eu\/wp-content\/uploads\/2021\/03\/Asetrad-1.jpg\" sizes=\"(max-width: 449px) 100vw, 449px\" srcset=\"https:\/\/www.elettralanguages.eu\/wp-content\/uploads\/2021\/03\/Asetrad-1.jpg 449w, https:\/\/www.elettralanguages.eu\/wp-content\/uploads\/2021\/03\/Asetrad-1-300x66.jpg 300w\" alt=\"\" width=\"449\" height=\"99\" \/> <\/a><\/p>\n<p style=\"text-align: center;\"><strong>Socio profesional de <a href=\"https:\/\/asetrad.org\/\" target=\"_blank\" rel=\"noopener\">ASETRAD<\/a><\/strong><\/p>\n<p><a href=\"https:\/\/www.sft.fr\/\" target=\"_blank\" rel=\"noopener\"><br \/>\n<img decoding=\"async\" src=\"https:\/\/www.elettralanguages.eu\/wp-content\/uploads\/2021\/03\/SFT-e1615373455445-1.jpg\" alt=\"\" width=\"261\" height=\"99\" \/> <\/a><\/p>\n<p style=\"text-align: center;\"><strong>Socio profesional de <a href=\"https:\/\/www.sft.fr\/\" target=\"_blank\" rel=\"noopener\">Soci\u00e9t\u00e9 Fran\u00e7aise des Traducteurs (SFT)<\/a><\/strong><\/p>\n","protected":false},"excerpt":{"rendered":"<p>Gracias a los cerca de veinte a\u00f1os de experiencia en los sectores jur\u00eddico y de la comunicaci\u00f3n institucional y financiera, <span>&#8230;<\/span><\/p>\n","protected":false},"author":1,"featured_media":0,"parent":0,"menu_order":0,"comment_status":"closed","ping_status":"closed","template":"","meta":{"footnotes":""},"class_list":["post-2417","page","type-page","status-publish","hentry"],"yoast_head":"<!-- This site is optimized with the Yoast SEO plugin v27.5 - https:\/\/yoast.com\/product\/yoast-seo-wordpress\/ -->\n<title>Sobre nosotros - Elettralanguages<\/title>\n<meta name=\"robots\" content=\"index, follow, max-snippet:-1, max-image-preview:large, max-video-preview:-1\" \/>\n<link rel=\"canonical\" href=\"https:\/\/www.elettralanguages.eu\/es\/sobre-nosotros\/\" \/>\n<meta property=\"og:locale\" content=\"es_ES\" \/>\n<meta property=\"og:type\" content=\"article\" \/>\n<meta property=\"og:title\" content=\"Sobre nosotros - Elettralanguages\" \/>\n<meta property=\"og:description\" content=\"Gracias a los cerca de veinte a\u00f1os de experiencia en los sectores jur\u00eddico y de la comunicaci\u00f3n institucional y financiera, ...\" \/>\n<meta property=\"og:url\" content=\"https:\/\/www.elettralanguages.eu\/es\/sobre-nosotros\/\" \/>\n<meta property=\"og:site_name\" content=\"Elettralanguages\" \/>\n<meta property=\"article:modified_time\" content=\"2025-10-26T11:35:23+00:00\" \/>\n<meta property=\"og:image\" content=\"https:\/\/www.elettralanguages.eu\/wp-content\/uploads\/2021\/03\/K67pmR_g-1.jpeg\" \/>\n<meta name=\"twitter:card\" content=\"summary_large_image\" \/>\n<meta name=\"twitter:label1\" content=\"Tiempo de lectura\" \/>\n\t<meta name=\"twitter:data1\" content=\"4 minutos\" \/>\n<script type=\"application\/ld+json\" class=\"yoast-schema-graph\">{\"@context\":\"https:\\\/\\\/schema.org\",\"@graph\":[{\"@type\":\"WebPage\",\"@id\":\"https:\\\/\\\/www.elettralanguages.eu\\\/es\\\/sobre-nosotros\\\/\",\"url\":\"https:\\\/\\\/www.elettralanguages.eu\\\/es\\\/sobre-nosotros\\\/\",\"name\":\"Sobre nosotros - Elettralanguages\",\"isPartOf\":{\"@id\":\"https:\\\/\\\/www.elettralanguages.eu\\\/#website\"},\"primaryImageOfPage\":{\"@id\":\"https:\\\/\\\/www.elettralanguages.eu\\\/es\\\/sobre-nosotros\\\/#primaryimage\"},\"image\":{\"@id\":\"https:\\\/\\\/www.elettralanguages.eu\\\/es\\\/sobre-nosotros\\\/#primaryimage\"},\"thumbnailUrl\":\"https:\\\/\\\/www.elettralanguages.eu\\\/wp-content\\\/uploads\\\/2021\\\/03\\\/K67pmR_g-1.jpeg\",\"datePublished\":\"2020-06-25T06:27:16+00:00\",\"dateModified\":\"2025-10-26T11:35:23+00:00\",\"breadcrumb\":{\"@id\":\"https:\\\/\\\/www.elettralanguages.eu\\\/es\\\/sobre-nosotros\\\/#breadcrumb\"},\"inLanguage\":\"es\",\"potentialAction\":[{\"@type\":\"ReadAction\",\"target\":[\"https:\\\/\\\/www.elettralanguages.eu\\\/es\\\/sobre-nosotros\\\/\"]}]},{\"@type\":\"ImageObject\",\"inLanguage\":\"es\",\"@id\":\"https:\\\/\\\/www.elettralanguages.eu\\\/es\\\/sobre-nosotros\\\/#primaryimage\",\"url\":\"https:\\\/\\\/www.elettralanguages.eu\\\/wp-content\\\/uploads\\\/2021\\\/03\\\/K67pmR_g-1.jpeg\",\"contentUrl\":\"https:\\\/\\\/www.elettralanguages.eu\\\/wp-content\\\/uploads\\\/2021\\\/03\\\/K67pmR_g-1.jpeg\"},{\"@type\":\"BreadcrumbList\",\"@id\":\"https:\\\/\\\/www.elettralanguages.eu\\\/es\\\/sobre-nosotros\\\/#breadcrumb\",\"itemListElement\":[{\"@type\":\"ListItem\",\"position\":1,\"name\":\"Home\",\"item\":\"https:\\\/\\\/www.elettralanguages.eu\\\/es\\\/\"},{\"@type\":\"ListItem\",\"position\":2,\"name\":\"Sobre nosotros\"}]},{\"@type\":\"WebSite\",\"@id\":\"https:\\\/\\\/www.elettralanguages.eu\\\/#website\",\"url\":\"https:\\\/\\\/www.elettralanguages.eu\\\/\",\"name\":\"Elettralanguages\",\"description\":\"\",\"publisher\":{\"@id\":\"https:\\\/\\\/www.elettralanguages.eu\\\/#organization\"},\"potentialAction\":[{\"@type\":\"SearchAction\",\"target\":{\"@type\":\"EntryPoint\",\"urlTemplate\":\"https:\\\/\\\/www.elettralanguages.eu\\\/?s={search_term_string}\"},\"query-input\":{\"@type\":\"PropertyValueSpecification\",\"valueRequired\":true,\"valueName\":\"search_term_string\"}}],\"inLanguage\":\"es\"},{\"@type\":\"Organization\",\"@id\":\"https:\\\/\\\/www.elettralanguages.eu\\\/#organization\",\"name\":\"Elettralanguages\",\"url\":\"https:\\\/\\\/www.elettralanguages.eu\\\/\",\"logo\":{\"@type\":\"ImageObject\",\"inLanguage\":\"es\",\"@id\":\"https:\\\/\\\/www.elettralanguages.eu\\\/#\\\/schema\\\/logo\\\/image\\\/\",\"url\":\"https:\\\/\\\/www.elettralanguages.eu\\\/wp-content\\\/uploads\\\/2021\\\/03\\\/logo_ELLETRA_FINAL-e1616672166268-1.png\",\"contentUrl\":\"https:\\\/\\\/www.elettralanguages.eu\\\/wp-content\\\/uploads\\\/2021\\\/03\\\/logo_ELLETRA_FINAL-e1616672166268-1.png\",\"width\":366,\"height\":75,\"caption\":\"Elettralanguages\"},\"image\":{\"@id\":\"https:\\\/\\\/www.elettralanguages.eu\\\/#\\\/schema\\\/logo\\\/image\\\/\"}}]}<\/script>\n<!-- \/ Yoast SEO plugin. -->","yoast_head_json":{"title":"Sobre nosotros - Elettralanguages","robots":{"index":"index","follow":"follow","max-snippet":"max-snippet:-1","max-image-preview":"max-image-preview:large","max-video-preview":"max-video-preview:-1"},"canonical":"https:\/\/www.elettralanguages.eu\/es\/sobre-nosotros\/","og_locale":"es_ES","og_type":"article","og_title":"Sobre nosotros - Elettralanguages","og_description":"Gracias a los cerca de veinte a\u00f1os de experiencia en los sectores jur\u00eddico y de la comunicaci\u00f3n institucional y financiera, ...","og_url":"https:\/\/www.elettralanguages.eu\/es\/sobre-nosotros\/","og_site_name":"Elettralanguages","article_modified_time":"2025-10-26T11:35:23+00:00","og_image":[{"url":"https:\/\/www.elettralanguages.eu\/wp-content\/uploads\/2021\/03\/K67pmR_g-1.jpeg","type":"","width":"","height":""}],"twitter_card":"summary_large_image","twitter_misc":{"Tiempo de lectura":"4 minutos"},"schema":{"@context":"https:\/\/schema.org","@graph":[{"@type":"WebPage","@id":"https:\/\/www.elettralanguages.eu\/es\/sobre-nosotros\/","url":"https:\/\/www.elettralanguages.eu\/es\/sobre-nosotros\/","name":"Sobre nosotros - Elettralanguages","isPartOf":{"@id":"https:\/\/www.elettralanguages.eu\/#website"},"primaryImageOfPage":{"@id":"https:\/\/www.elettralanguages.eu\/es\/sobre-nosotros\/#primaryimage"},"image":{"@id":"https:\/\/www.elettralanguages.eu\/es\/sobre-nosotros\/#primaryimage"},"thumbnailUrl":"https:\/\/www.elettralanguages.eu\/wp-content\/uploads\/2021\/03\/K67pmR_g-1.jpeg","datePublished":"2020-06-25T06:27:16+00:00","dateModified":"2025-10-26T11:35:23+00:00","breadcrumb":{"@id":"https:\/\/www.elettralanguages.eu\/es\/sobre-nosotros\/#breadcrumb"},"inLanguage":"es","potentialAction":[{"@type":"ReadAction","target":["https:\/\/www.elettralanguages.eu\/es\/sobre-nosotros\/"]}]},{"@type":"ImageObject","inLanguage":"es","@id":"https:\/\/www.elettralanguages.eu\/es\/sobre-nosotros\/#primaryimage","url":"https:\/\/www.elettralanguages.eu\/wp-content\/uploads\/2021\/03\/K67pmR_g-1.jpeg","contentUrl":"https:\/\/www.elettralanguages.eu\/wp-content\/uploads\/2021\/03\/K67pmR_g-1.jpeg"},{"@type":"BreadcrumbList","@id":"https:\/\/www.elettralanguages.eu\/es\/sobre-nosotros\/#breadcrumb","itemListElement":[{"@type":"ListItem","position":1,"name":"Home","item":"https:\/\/www.elettralanguages.eu\/es\/"},{"@type":"ListItem","position":2,"name":"Sobre nosotros"}]},{"@type":"WebSite","@id":"https:\/\/www.elettralanguages.eu\/#website","url":"https:\/\/www.elettralanguages.eu\/","name":"Elettralanguages","description":"","publisher":{"@id":"https:\/\/www.elettralanguages.eu\/#organization"},"potentialAction":[{"@type":"SearchAction","target":{"@type":"EntryPoint","urlTemplate":"https:\/\/www.elettralanguages.eu\/?s={search_term_string}"},"query-input":{"@type":"PropertyValueSpecification","valueRequired":true,"valueName":"search_term_string"}}],"inLanguage":"es"},{"@type":"Organization","@id":"https:\/\/www.elettralanguages.eu\/#organization","name":"Elettralanguages","url":"https:\/\/www.elettralanguages.eu\/","logo":{"@type":"ImageObject","inLanguage":"es","@id":"https:\/\/www.elettralanguages.eu\/#\/schema\/logo\/image\/","url":"https:\/\/www.elettralanguages.eu\/wp-content\/uploads\/2021\/03\/logo_ELLETRA_FINAL-e1616672166268-1.png","contentUrl":"https:\/\/www.elettralanguages.eu\/wp-content\/uploads\/2021\/03\/logo_ELLETRA_FINAL-e1616672166268-1.png","width":366,"height":75,"caption":"Elettralanguages"},"image":{"@id":"https:\/\/www.elettralanguages.eu\/#\/schema\/logo\/image\/"}}]}},"_links":{"self":[{"href":"https:\/\/www.elettralanguages.eu\/es\/wp-json\/wp\/v2\/pages\/2417","targetHints":{"allow":["GET"]}}],"collection":[{"href":"https:\/\/www.elettralanguages.eu\/es\/wp-json\/wp\/v2\/pages"}],"about":[{"href":"https:\/\/www.elettralanguages.eu\/es\/wp-json\/wp\/v2\/types\/page"}],"author":[{"embeddable":true,"href":"https:\/\/www.elettralanguages.eu\/es\/wp-json\/wp\/v2\/users\/1"}],"replies":[{"embeddable":true,"href":"https:\/\/www.elettralanguages.eu\/es\/wp-json\/wp\/v2\/comments?post=2417"}],"version-history":[{"count":45,"href":"https:\/\/www.elettralanguages.eu\/es\/wp-json\/wp\/v2\/pages\/2417\/revisions"}],"predecessor-version":[{"id":3020,"href":"https:\/\/www.elettralanguages.eu\/es\/wp-json\/wp\/v2\/pages\/2417\/revisions\/3020"}],"wp:attachment":[{"href":"https:\/\/www.elettralanguages.eu\/es\/wp-json\/wp\/v2\/media?parent=2417"}],"curies":[{"name":"wp","href":"https:\/\/api.w.org\/{rel}","templated":true}]}}