{"id":2411,"date":"2020-06-17T08:05:31","date_gmt":"2020-06-17T08:05:31","guid":{"rendered":"https:\/\/www.elettralanguages.eu\/home3\/"},"modified":"2021-05-10T17:23:18","modified_gmt":"2021-05-10T17:23:18","slug":"home3","status":"publish","type":"page","link":"https:\/\/www.elettralanguages.eu\/es\/","title":{"rendered":"Inicio"},"content":{"rendered":"<section>\n<h1>A su lado para unas traducciones jur\u00eddicas y financieras fiables y profesionales<\/h1>\n<\/p>\n<p>\t\t\t\t\t\t\t\t\t\t<a href=\"https:\/\/www.elettralanguages.eu\/es\/contact\/\">Escr\u00edbenos<\/a><br \/>\n\t\t\t\t\t\t\t\t\t\t<a href=\"\"><\/a><\/p>\n<h1>A su lado para unas traducciones jur\u00eddicas y financieras fiables y profesionales<\/h1>\n<\/p>\n<p>\t\t\t\t\t\t\t\t\t\t<a href=\"https:\/\/www.elettralanguages.eu\/es\/contacto\/\">Escr\u00edbenos<\/a><br \/>\n\t\t\t\t\t\t\t\t\t\t<a href=\"\"><\/a><br \/>\n\t\t\t<\/section>\n<p>\t\tCon casi 20 a\u00f1os de experiencia en derecho y comunicaci\u00f3n institucional y financiera, conocemos las necesidades y las expectativas de los despachos de abogados y de las firmas multinacionales: una comunicaci\u00f3n rigurosa, precisa y fiable, en cualquier idioma.Hace a\u00f1os que estamos comprometidos con la satisfacci\u00f3n de esta exigente clientela y ofreci\u00e9ndole un servicio fiable y profesional para la traducci\u00f3n de sus documentos jur\u00eddicos y financieros en <strong>franc\u00e9s<\/strong> y en <strong>espa\u00f1ol<\/strong>, as\u00ed como en otros idiomas, gracias a nuestra red de colaboradores profesionales de confianza.<\/p>\n<h2 style=\"text-align: center;\">Servicios<\/h2>\n<p>\t\t\t\t<a href=\"https:\/\/www.elettralanguages.eu\/es\/servicios\/\"><br \/>\n\t\t\t\t\t\t\t\t<\/a><\/p>\n<h3>\n\t\t\t\t\t<a href=\"https:\/\/www.elettralanguages.eu\/es\/servicios\/\">Traducci\u00f3n &#038; revisi\u00f3n de documentos jur\u00eddicos y financieros<\/a><br \/>\n\t\t\t\t<\/h3>\n<p>\t\t\t\t<a href=\"https:\/\/www.elettralanguages.eu\/es\/servicios\/\"><br \/>\n\t\t\t\t\t\t\t\t<\/a><\/p>\n<h3>\n\t\t\t\t\t<a href=\"https:\/\/www.elettralanguages.eu\/es\/servicios\/\">Traducci\u00f3n jurada<\/a><br \/>\n\t\t\t\t<\/h3>\n<p>\t\t\t\t<a href=\"https:\/\/www.elettralanguages.eu\/es\/servicios\/\"><br \/>\n\t\t\t\t\t\t\t\t<\/a><\/p>\n<h3>\n\t\t\t\t\t<a href=\"https:\/\/www.elettralanguages.eu\/es\/servicios\/\">Transcreaci\u00f3n y traducci\u00f3n creativa<\/a><br \/>\n\t\t\t\t<\/h3>\n<p>\t\t\t\t<a href=\"https:\/\/www.elettralanguages.eu\/es\/servicios\/\"><br \/>\n\t\t\t\t\t\t\t\t<\/a><\/p>\n<h3>\n\t\t\t\t\t<a href=\"https:\/\/www.elettralanguages.eu\/es\/servicios\/\">Copywriting\/Redacci\u00f3n publicitaria y creaci\u00f3n de contenido<\/a><br \/>\n\t\t\t\t<\/h3>\n<h4 style=\"text-align: center;\">Nuestros idiomas de trabajo son el ingl\u00e9s, el espa\u00f1ol, y el franc\u00e9s. Podemos traducir desde y hasta estos idiomas.<\/h4>\n<p>\t\t\t\t\t\t\t\t\t\t<img decoding=\"async\" src=\"https:\/\/www.elettralanguages.eu\/wp-content\/uploads\/elementor\/thumbs\/lw-1-p5lwu2d761wiua60tshor3gr2cbfg3654lzwd0j2i2.png\" title=\"lw\" alt=\"lw\" \/>\t\t\t\t\t\t\t\t\t\t\t<\/p>\n<h5 style=\"text-align: center;\">No nos conformamos solo con traducir<\/h5>\n<h2 style=\"text-align: center;\">Rescribimos los textos en el idioma de destino como lo har\u00eda un abogado o un economista<\/h2>\n<p>\t\t\t\t\t\t\t\t\t\t<img decoding=\"async\" width=\"1207\" height=\"805\" src=\"https:\/\/www.elettralanguages.eu\/wp-content\/uploads\/2021\/03\/MG_0542-ps-72ppp-1.jpg\" alt=\"\" loading=\"lazy\" srcset=\"https:\/\/www.elettralanguages.eu\/wp-content\/uploads\/2021\/03\/MG_0542-ps-72ppp-1.jpg 1207w, https:\/\/www.elettralanguages.eu\/wp-content\/uploads\/2021\/03\/MG_0542-ps-72ppp-1-300x200.jpg 300w, https:\/\/www.elettralanguages.eu\/wp-content\/uploads\/2021\/03\/MG_0542-ps-72ppp-1-1024x683.jpg 1024w, https:\/\/www.elettralanguages.eu\/wp-content\/uploads\/2021\/03\/MG_0542-ps-72ppp-1-768x512.jpg 768w\" sizes=\"auto, (max-width: 1207px) 100vw, 1207px\" \/>\t\t\t\t\t\t\t\t\t\t\t<\/p>\n<p>Nuestras traducciones no parecen traducciones, sino que son textos tan naturales como los redactados por profesionales.<\/p>\n<p>Dominamos la <strong>terminolog\u00eda<\/strong> de su campo, pero sobre todo <strong>comprendemos<\/strong> los mecanismos que lo rigen, bien se trate de la asignaci\u00f3n de activos de un fondo de inversi\u00f3n, o de la formulaci\u00f3n de una cl\u00e1usula dentro de un contrato para responder a una especificidad jur\u00eddica concreta.\u00a0<\/p>\n<p>Entendemos los objetivos y las limitaciones de sus documentos y sabemos c\u00f3mo adaptarlos para producir textos naturales y profesionales en los idiomas de destino.<\/p>\n<h5 style=\"text-align: center;\">Lo que nos distingue<\/h5>\n<h2 style=\"text-align: center;\">Las relaciones humanas con nuestros clientes y con los traductores con los que trabajamos<\/h2>\n<p>Al contrario que la mayor\u00eda de las agencias de traducci\u00f3n, nosotros conocemos personalmente a nuestros colaboradores y trabajamos con ellos desde hace a\u00f1os.<\/p>\n<p>En casi dos d\u00e9cadas dentro del mundo de la traducci\u00f3n, hemos traducido documentos de todos los tama\u00f1os, desde tarjetas de visita hasta prospectos e informes anuales de 400 p\u00e1ginas en distintos plazos o hacia lenguas de trabajo diferentes. Por ello, hemos creado una red de profesionales de confianza que han demostrado su val\u00eda con nosotros. No le venderemos una red compuesta por miles de ling\u00fcistas desconocidos y contratados seg\u00fan procesos m\u00e1s o menos estandarizados y no necesariamente adaptados a su realidad, sino que trabajamos con ling\u00fcistas en los que confiamos plenamente.<\/p>\n<figure><img decoding=\"async\" src=\"https:\/\/www.elettralanguages.eu\/wp-content\/uploads\/2021\/03\/Porsche-logo-1.png\" alt=\"Porsche-logo\" \/><\/figure>\n<figure><img decoding=\"async\" src=\"https:\/\/www.elettralanguages.eu\/wp-content\/uploads\/2021\/03\/probance-1.png\" alt=\"probance\" \/><\/figure>\n<figure><img decoding=\"async\" src=\"https:\/\/www.elettralanguages.eu\/wp-content\/uploads\/2021\/03\/sage-group-logo-vector-1.png\" alt=\"sage-group-logo-vector\" \/><\/figure>\n<figure><img decoding=\"async\" src=\"https:\/\/www.elettralanguages.eu\/wp-content\/uploads\/2021\/03\/seafood_from_norway-1.png\" alt=\"seafood_from_norway\" \/><\/figure>\n<figure><img decoding=\"async\" src=\"https:\/\/www.elettralanguages.eu\/wp-content\/uploads\/2021\/03\/SGPB-1.jpg\" alt=\"SGPB\" \/><\/figure>\n<figure><img decoding=\"async\" src=\"https:\/\/www.elettralanguages.eu\/wp-content\/uploads\/2021\/03\/suez-logo-1.gif\" alt=\"suez-logo\" \/><\/figure>\n<figure><img decoding=\"async\" src=\"https:\/\/www.elettralanguages.eu\/wp-content\/uploads\/2021\/03\/65212949_2535841629784082_4477909014201499648_n-1.jpg\" alt=\"65212949_2535841629784082_4477909014201499648_n\" \/><\/figure>\n<figure><img decoding=\"async\" src=\"https:\/\/www.elettralanguages.eu\/wp-content\/uploads\/2021\/03\/1519856174357-1.png\" alt=\"1519856174357\" \/><\/figure>\n<figure><img decoding=\"async\" src=\"https:\/\/www.elettralanguages.eu\/wp-content\/uploads\/2021\/03\/a9a81-oecd-historiasi-1.jpg\" alt=\"a9a81-oecd-historiasi\" \/><\/figure>\n<figure><img decoding=\"async\" src=\"https:\/\/www.elettralanguages.eu\/wp-content\/uploads\/2021\/03\/Afreximbank-logo-vertical-without-background-1.png\" alt=\"Afreximbank-logo-vertical-without-background\" \/><\/figure>\n<figure><img decoding=\"async\" src=\"https:\/\/www.elettralanguages.eu\/wp-content\/uploads\/2021\/03\/akzonobel-1.png\" alt=\"akzonobel\" \/><\/figure>\n<figure><img decoding=\"async\" src=\"https:\/\/www.elettralanguages.eu\/wp-content\/uploads\/2021\/03\/AritcoLogo-1.jpg\" alt=\"AritcoLogo\" \/><\/figure>\n<figure><img decoding=\"async\" src=\"https:\/\/www.elettralanguages.eu\/wp-content\/uploads\/2021\/03\/AS-Avocat-Montpellier-1.png\" alt=\"AS-Avocat-Montpellier\" \/><\/figure>\n<figure><img decoding=\"async\" src=\"https:\/\/www.elettralanguages.eu\/wp-content\/uploads\/2021\/03\/AXA-IM-1.jpg\" alt=\"AXA IM\" \/><\/figure>\n<figure><img decoding=\"async\" src=\"https:\/\/www.elettralanguages.eu\/wp-content\/uploads\/2021\/03\/charbroil-1.png\" alt=\"charbroil\" \/><\/figure>\n<figure><img decoding=\"async\" src=\"https:\/\/www.elettralanguages.eu\/wp-content\/uploads\/2021\/03\/deloitte-1.jpg\" alt=\"deloitte\" \/><\/figure>\n<figure><img decoding=\"async\" src=\"https:\/\/www.elettralanguages.eu\/wp-content\/uploads\/2021\/03\/flix-mobility-1.png\" alt=\"flix mobility\" \/><\/figure>\n<figure><img decoding=\"async\" src=\"https:\/\/www.elettralanguages.eu\/wp-content\/uploads\/2021\/03\/foss-logo-1.png\" alt=\"foss-logo\" \/><\/figure>\n<figure><img decoding=\"async\" src=\"https:\/\/www.elettralanguages.eu\/wp-content\/uploads\/2021\/03\/GLEvents-1.png\" alt=\"GLEvents\" \/><\/figure>\n<figure><img decoding=\"async\" src=\"https:\/\/www.elettralanguages.eu\/wp-content\/uploads\/2021\/03\/gse-logo-1.png\" alt=\"gse-logo\" \/><\/figure>\n<figure><img decoding=\"async\" src=\"https:\/\/www.elettralanguages.eu\/wp-content\/uploads\/2021\/03\/ImageDetail_20981f81-4886-45ce-931f-20e7bb8005d5_Large-1.jpg\" alt=\"ImageDetail_20981f81-4886-45ce-931f-20e7bb8005d5_Large\" \/><\/figure>\n<figure><img decoding=\"async\" src=\"https:\/\/www.elettralanguages.eu\/wp-content\/uploads\/2021\/03\/Kaliti-1.png\" alt=\"Kaliti\" \/><\/figure>\n<figure><img decoding=\"async\" src=\"https:\/\/www.elettralanguages.eu\/wp-content\/uploads\/2021\/03\/Logo300-1.png\" alt=\"Logo300\" \/><\/figure>\n<figure><img decoding=\"async\" src=\"https:\/\/www.elettralanguages.eu\/wp-content\/uploads\/2021\/03\/logo-ascalone-avocats-1.png\" alt=\"logo-ascalone-avocats\" \/><\/figure>\n<figure><img decoding=\"async\" src=\"https:\/\/www.elettralanguages.eu\/wp-content\/uploads\/2021\/03\/logo-fr-1.png\" alt=\"logo-fr\" \/><\/figure>\n<figure><img decoding=\"async\" src=\"https:\/\/www.elettralanguages.eu\/wp-content\/uploads\/2021\/03\/Logos-Florette-Nuevo-1.jpg\" alt=\"Logos-Florette-Nuevo\" \/><\/figure>\n<figure><img decoding=\"async\" src=\"https:\/\/www.elettralanguages.eu\/wp-content\/uploads\/2021\/03\/National_Gallery_logo-1.png\" alt=\"National_Gallery_logo\" \/><\/figure>\n<figure><img decoding=\"async\" src=\"https:\/\/www.elettralanguages.eu\/wp-content\/uploads\/2021\/03\/pictet_logo-1.png\" alt=\"pictet_logo\" \/><\/figure>\n<p>\t\t\t\t\t\tPrevious<br \/>\n\t\t\t\t\t\tNext<\/p>\n","protected":false},"excerpt":{"rendered":"<p>A su lado para unas traducciones jur\u00eddicas y financieras fiables y profesionales Escr\u00edbenos A su lado para unas traducciones jur\u00eddicas <span>&#8230;<\/span><\/p>\n","protected":false},"author":1,"featured_media":0,"parent":0,"menu_order":0,"comment_status":"closed","ping_status":"closed","template":"elementor_header_footer","meta":{"footnotes":""},"class_list":["post-2411","page","type-page","status-publish","hentry"],"yoast_head":"<!-- This site is optimized with the Yoast SEO plugin v27.5 - https:\/\/yoast.com\/product\/yoast-seo-wordpress\/ -->\n<title>Inicio - Elettralanguages<\/title>\n<meta name=\"robots\" content=\"index, follow, max-snippet:-1, max-image-preview:large, max-video-preview:-1\" \/>\n<link rel=\"canonical\" href=\"https:\/\/www.elettralanguages.eu\/es\/\" \/>\n<meta property=\"og:locale\" content=\"es_ES\" \/>\n<meta property=\"og:type\" content=\"article\" \/>\n<meta property=\"og:title\" content=\"Inicio - Elettralanguages\" \/>\n<meta property=\"og:description\" content=\"A su lado para unas traducciones jur\u00eddicas y financieras fiables y profesionales Escr\u00edbenos A su lado para unas traducciones jur\u00eddicas ...\" \/>\n<meta property=\"og:url\" content=\"https:\/\/www.elettralanguages.eu\/es\/\" \/>\n<meta property=\"og:site_name\" content=\"Elettralanguages\" \/>\n<meta property=\"article:modified_time\" content=\"2021-05-10T17:23:18+00:00\" \/>\n<meta property=\"og:image\" content=\"https:\/\/www.elettralanguages.eu\/wp-content\/uploads\/elementor\/thumbs\/lw-1-p5lwu2d761wiua60tshor3gr2cbfg3654lzwd0j2i2.png\" \/>\n<meta name=\"twitter:card\" content=\"summary_large_image\" \/>\n<meta name=\"twitter:label1\" content=\"Tiempo de lectura\" \/>\n\t<meta name=\"twitter:data1\" content=\"10 minutos\" \/>\n<script type=\"application\/ld+json\" class=\"yoast-schema-graph\">{\"@context\":\"https:\\\/\\\/schema.org\",\"@graph\":[{\"@type\":\"WebPage\",\"@id\":\"https:\\\/\\\/www.elettralanguages.eu\\\/es\\\/\",\"url\":\"https:\\\/\\\/www.elettralanguages.eu\\\/es\\\/\",\"name\":\"Inicio - Elettralanguages\",\"isPartOf\":{\"@id\":\"https:\\\/\\\/www.elettralanguages.eu\\\/#website\"},\"primaryImageOfPage\":{\"@id\":\"https:\\\/\\\/www.elettralanguages.eu\\\/es\\\/#primaryimage\"},\"image\":{\"@id\":\"https:\\\/\\\/www.elettralanguages.eu\\\/es\\\/#primaryimage\"},\"thumbnailUrl\":\"https:\\\/\\\/www.elettralanguages.eu\\\/wp-content\\\/uploads\\\/elementor\\\/thumbs\\\/lw-1-p5lwu2d761wiua60tshor3gr2cbfg3654lzwd0j2i2.png\",\"datePublished\":\"2020-06-17T08:05:31+00:00\",\"dateModified\":\"2021-05-10T17:23:18+00:00\",\"breadcrumb\":{\"@id\":\"https:\\\/\\\/www.elettralanguages.eu\\\/es\\\/#breadcrumb\"},\"inLanguage\":\"es\",\"potentialAction\":[{\"@type\":\"ReadAction\",\"target\":[\"https:\\\/\\\/www.elettralanguages.eu\\\/es\\\/\"]}]},{\"@type\":\"ImageObject\",\"inLanguage\":\"es\",\"@id\":\"https:\\\/\\\/www.elettralanguages.eu\\\/es\\\/#primaryimage\",\"url\":\"https:\\\/\\\/www.elettralanguages.eu\\\/wp-content\\\/uploads\\\/elementor\\\/thumbs\\\/lw-1-p5lwu2d761wiua60tshor3gr2cbfg3654lzwd0j2i2.png\",\"contentUrl\":\"https:\\\/\\\/www.elettralanguages.eu\\\/wp-content\\\/uploads\\\/elementor\\\/thumbs\\\/lw-1-p5lwu2d761wiua60tshor3gr2cbfg3654lzwd0j2i2.png\"},{\"@type\":\"BreadcrumbList\",\"@id\":\"https:\\\/\\\/www.elettralanguages.eu\\\/es\\\/#breadcrumb\",\"itemListElement\":[{\"@type\":\"ListItem\",\"position\":1,\"name\":\"Home\",\"item\":\"https:\\\/\\\/www.elettralanguages.eu\\\/es\\\/\"},{\"@type\":\"ListItem\",\"position\":2,\"name\":\"Inicio\"}]},{\"@type\":\"WebSite\",\"@id\":\"https:\\\/\\\/www.elettralanguages.eu\\\/#website\",\"url\":\"https:\\\/\\\/www.elettralanguages.eu\\\/\",\"name\":\"Elettralanguages\",\"description\":\"\",\"publisher\":{\"@id\":\"https:\\\/\\\/www.elettralanguages.eu\\\/#organization\"},\"potentialAction\":[{\"@type\":\"SearchAction\",\"target\":{\"@type\":\"EntryPoint\",\"urlTemplate\":\"https:\\\/\\\/www.elettralanguages.eu\\\/?s={search_term_string}\"},\"query-input\":{\"@type\":\"PropertyValueSpecification\",\"valueRequired\":true,\"valueName\":\"search_term_string\"}}],\"inLanguage\":\"es\"},{\"@type\":\"Organization\",\"@id\":\"https:\\\/\\\/www.elettralanguages.eu\\\/#organization\",\"name\":\"Elettralanguages\",\"url\":\"https:\\\/\\\/www.elettralanguages.eu\\\/\",\"logo\":{\"@type\":\"ImageObject\",\"inLanguage\":\"es\",\"@id\":\"https:\\\/\\\/www.elettralanguages.eu\\\/#\\\/schema\\\/logo\\\/image\\\/\",\"url\":\"https:\\\/\\\/www.elettralanguages.eu\\\/wp-content\\\/uploads\\\/2021\\\/03\\\/logo_ELLETRA_FINAL-e1616672166268-1.png\",\"contentUrl\":\"https:\\\/\\\/www.elettralanguages.eu\\\/wp-content\\\/uploads\\\/2021\\\/03\\\/logo_ELLETRA_FINAL-e1616672166268-1.png\",\"width\":366,\"height\":75,\"caption\":\"Elettralanguages\"},\"image\":{\"@id\":\"https:\\\/\\\/www.elettralanguages.eu\\\/#\\\/schema\\\/logo\\\/image\\\/\"}}]}<\/script>\n<!-- \/ Yoast SEO plugin. -->","yoast_head_json":{"title":"Inicio - Elettralanguages","robots":{"index":"index","follow":"follow","max-snippet":"max-snippet:-1","max-image-preview":"max-image-preview:large","max-video-preview":"max-video-preview:-1"},"canonical":"https:\/\/www.elettralanguages.eu\/es\/","og_locale":"es_ES","og_type":"article","og_title":"Inicio - Elettralanguages","og_description":"A su lado para unas traducciones jur\u00eddicas y financieras fiables y profesionales Escr\u00edbenos A su lado para unas traducciones jur\u00eddicas ...","og_url":"https:\/\/www.elettralanguages.eu\/es\/","og_site_name":"Elettralanguages","article_modified_time":"2021-05-10T17:23:18+00:00","og_image":[{"url":"https:\/\/www.elettralanguages.eu\/wp-content\/uploads\/elementor\/thumbs\/lw-1-p5lwu2d761wiua60tshor3gr2cbfg3654lzwd0j2i2.png","type":"","width":"","height":""}],"twitter_card":"summary_large_image","twitter_misc":{"Tiempo de lectura":"10 minutos"},"schema":{"@context":"https:\/\/schema.org","@graph":[{"@type":"WebPage","@id":"https:\/\/www.elettralanguages.eu\/es\/","url":"https:\/\/www.elettralanguages.eu\/es\/","name":"Inicio - Elettralanguages","isPartOf":{"@id":"https:\/\/www.elettralanguages.eu\/#website"},"primaryImageOfPage":{"@id":"https:\/\/www.elettralanguages.eu\/es\/#primaryimage"},"image":{"@id":"https:\/\/www.elettralanguages.eu\/es\/#primaryimage"},"thumbnailUrl":"https:\/\/www.elettralanguages.eu\/wp-content\/uploads\/elementor\/thumbs\/lw-1-p5lwu2d761wiua60tshor3gr2cbfg3654lzwd0j2i2.png","datePublished":"2020-06-17T08:05:31+00:00","dateModified":"2021-05-10T17:23:18+00:00","breadcrumb":{"@id":"https:\/\/www.elettralanguages.eu\/es\/#breadcrumb"},"inLanguage":"es","potentialAction":[{"@type":"ReadAction","target":["https:\/\/www.elettralanguages.eu\/es\/"]}]},{"@type":"ImageObject","inLanguage":"es","@id":"https:\/\/www.elettralanguages.eu\/es\/#primaryimage","url":"https:\/\/www.elettralanguages.eu\/wp-content\/uploads\/elementor\/thumbs\/lw-1-p5lwu2d761wiua60tshor3gr2cbfg3654lzwd0j2i2.png","contentUrl":"https:\/\/www.elettralanguages.eu\/wp-content\/uploads\/elementor\/thumbs\/lw-1-p5lwu2d761wiua60tshor3gr2cbfg3654lzwd0j2i2.png"},{"@type":"BreadcrumbList","@id":"https:\/\/www.elettralanguages.eu\/es\/#breadcrumb","itemListElement":[{"@type":"ListItem","position":1,"name":"Home","item":"https:\/\/www.elettralanguages.eu\/es\/"},{"@type":"ListItem","position":2,"name":"Inicio"}]},{"@type":"WebSite","@id":"https:\/\/www.elettralanguages.eu\/#website","url":"https:\/\/www.elettralanguages.eu\/","name":"Elettralanguages","description":"","publisher":{"@id":"https:\/\/www.elettralanguages.eu\/#organization"},"potentialAction":[{"@type":"SearchAction","target":{"@type":"EntryPoint","urlTemplate":"https:\/\/www.elettralanguages.eu\/?s={search_term_string}"},"query-input":{"@type":"PropertyValueSpecification","valueRequired":true,"valueName":"search_term_string"}}],"inLanguage":"es"},{"@type":"Organization","@id":"https:\/\/www.elettralanguages.eu\/#organization","name":"Elettralanguages","url":"https:\/\/www.elettralanguages.eu\/","logo":{"@type":"ImageObject","inLanguage":"es","@id":"https:\/\/www.elettralanguages.eu\/#\/schema\/logo\/image\/","url":"https:\/\/www.elettralanguages.eu\/wp-content\/uploads\/2021\/03\/logo_ELLETRA_FINAL-e1616672166268-1.png","contentUrl":"https:\/\/www.elettralanguages.eu\/wp-content\/uploads\/2021\/03\/logo_ELLETRA_FINAL-e1616672166268-1.png","width":366,"height":75,"caption":"Elettralanguages"},"image":{"@id":"https:\/\/www.elettralanguages.eu\/#\/schema\/logo\/image\/"}}]}},"_links":{"self":[{"href":"https:\/\/www.elettralanguages.eu\/es\/wp-json\/wp\/v2\/pages\/2411","targetHints":{"allow":["GET"]}}],"collection":[{"href":"https:\/\/www.elettralanguages.eu\/es\/wp-json\/wp\/v2\/pages"}],"about":[{"href":"https:\/\/www.elettralanguages.eu\/es\/wp-json\/wp\/v2\/types\/page"}],"author":[{"embeddable":true,"href":"https:\/\/www.elettralanguages.eu\/es\/wp-json\/wp\/v2\/users\/1"}],"replies":[{"embeddable":true,"href":"https:\/\/www.elettralanguages.eu\/es\/wp-json\/wp\/v2\/comments?post=2411"}],"version-history":[{"count":39,"href":"https:\/\/www.elettralanguages.eu\/es\/wp-json\/wp\/v2\/pages\/2411\/revisions"}],"predecessor-version":[{"id":3006,"href":"https:\/\/www.elettralanguages.eu\/es\/wp-json\/wp\/v2\/pages\/2411\/revisions\/3006"}],"wp:attachment":[{"href":"https:\/\/www.elettralanguages.eu\/es\/wp-json\/wp\/v2\/media?parent=2411"}],"curies":[{"name":"wp","href":"https:\/\/api.w.org\/{rel}","templated":true}]}}